{"id":10777,"date":"2026-01-06T12:37:19","date_gmt":"2026-01-06T11:37:19","guid":{"rendered":"https:\/\/pga.conversal.io\/?page_id=10777"},"modified":"2026-01-30T23:00:44","modified_gmt":"2026-01-30T22:00:44","slug":"coordinateur-marketing","status":"publish","type":"page","link":"https:\/\/pga.conversal.io\/fr\/offres-demploi\/coordinateur-marketing\/","title":{"rendered":"Responsable du marketing de contenu"},"content":{"rendered":"\n<div class=\"wp-block-columns pageIntro is-layout-flex wp-container-core-columns-is-layout-10efffe0 wp-block-columns-is-layout-flex\" style=\"margin-top:0;margin-bottom:0;padding-top:0;padding-bottom:var(--wp--preset--spacing--40-24)\">\n<div class=\"wp-block-column has-global-padding is-layout-constrained wp-block-column-is-layout-constrained\">\n<div class=\"wp-block-group is-layout-flow wp-container-core-group-is-layout-a77db08e wp-block-group-is-layout-flow\"><nav aria-label=\"breadcrumbs\" class=\"rank-math-breadcrumb\"><p><span class=\"last\">Accueil<\/span><\/p><\/nav>\n\n\n<div class=\"wp-block-group is-layout-flow wp-block-group-is-layout-flow\" style=\"margin-top:0;margin-bottom:0;padding-top:var(--wp--preset--spacing--24-18);padding-bottom:var(--wp--preset--spacing--40-20)\"><h1 class=\"wp-block-post-title has-heading-one-font-size\">Responsable du marketing de contenu<\/h1><\/div>\n<\/div>\n<\/div>\n<\/div>\n\n<div class=\"wp-block-group teamSec has-global-padding is-layout-constrained wp-block-group-is-layout-constrained\" style=\"margin-top:0px;margin-bottom:0px;padding-top:var(--wp--preset--spacing--80-40);padding-bottom:var(--wp--preset--spacing--60-30)\">\n<div class=\"wp-block-columns teamRow is-layout-flex wp-container-core-columns-is-layout-7c593e48 wp-block-columns-is-layout-flex\">\n<div class=\"wp-block-column teamDesCol is-layout-flow wp-block-column-is-layout-flow\">\n<div class=\"wp-block-group teamDesInnr is-layout-flow wp-block-group-is-layout-flow\">\n<h2 class=\"wp-block-heading has-heading-two-font-size\">Conteur cr\u00e9atif <br\/>avec un \u0153il pour le design<\/h2>\n\n\n\n<p>Nous recherchons quelqu&rsquo;un capable de donner vie aux histoires. Une personne qui comprend comment fonctionne le contenu en B2B, qui transforme des id\u00e9es en publications, vid\u00e9os, visuels et campagnes qui touchent vraiment les clients. Vous traduisez les strat\u00e9gies de marque en r\u00e9cits inspirants, en contenu captivant et en campagnes num\u00e9riques percutantes.  <\/p>\n\n\n\n<p>Vous travaillez au niveau du groupe pour quatre entreprises d&rsquo;am\u00e9nagement de bureaux et vous assurez que nos id\u00e9es deviennent visibles. Vous \u00eates le pivot cr\u00e9atif de l&rsquo;\u00e9quipe et travaillez en \u00e9troite collaboration avec le responsable marketing, \u00e0 qui vous rapportez \u00e9galement. <\/p>\n\n\n\n<p>Envie de travailler dans un environnement cr\u00e9atif o\u00f9 vos journ\u00e9es de travail ressemblent \u00e0 peu pr\u00e8s \u00e0 celles de la vid\u00e9o, o\u00f9 vous pouvez concevoir de nouveaux concepts et rejoindre une \u00e9quipe chaleureuse avec de nombreuses friandises, des team buildings et un ap\u00e9ro convivial le vendredi ?<\/p>\n\n\n\n<div class=\"wp-block-buttons is-layout-flex wp-block-buttons-is-layout-flex\" style=\"margin-top:var(--wp--preset--spacing--32-24)\">\n<div class=\"wp-block-button is-style-sage is-style-sage--1\"><a class=\"wp-block-button__link wp-element-button\" href=\"#contact\">Remplissez vos coordonn\u00e9es et venez prendre un caf\u00e9<\/a><\/div>\n<\/div>\n<\/div>\n<\/div>\n\n\n\n<div class=\"wp-block-column teamImgCol imgTallVertical is-layout-flow wp-block-column-is-layout-flow\">\n<div class=\"wp-block-group videoWrap is-layout-flow wp-block-group-is-layout-flow\">\n<figure class=\"wp-block-video hasSaddhow\"><video autoplay=\"\" loop=\"\" muted=\"\" poster=\"https:\/\/pga.conversal.io\/wp-content\/uploads\/2025\/11\/Scherm&#xAD;afbeelding-2025-11-26-om-11.12.37.png\" src=\"https:\/\/pga.conversal.io\/wp-content\/uploads\/2025\/11\/Day-in-the-life-marketing.mp4\" playsinline=\"\"><\/video><\/figure>\n<\/div>\n<\/div>\n<\/div>\n<\/div>\n\n<div class=\"wp-block-columns is-layout-flex wp-container-core-columns-is-layout-5bbe6e16 wp-block-columns-is-layout-flex\" style=\"margin-top:0;margin-bottom:0;padding-top:var(--wp--preset--spacing--60-30);padding-bottom:var(--wp--preset--spacing--60-30)\">\n<div class=\"wp-block-column has-global-padding is-layout-constrained wp-block-column-is-layout-constrained\">\n<div class=\"wp-block-columns is-layout-flex wp-container-core-columns-is-layout-505b6f45 wp-block-columns-is-layout-flex\">\n<div class=\"wp-block-column is-layout-flow wp-block-column-is-layout-flow\">\n<h3 class=\"wp-block-heading\"><strong>Quel sera votre d\u00e9fi ?<\/strong><\/h3>\n\n\n\n<ul class=\"wp-block-list\">\n<li>Cr\u00e9er un calendrier de contenu captivant pour les sites web, les newsletters et les m\u00e9dias sociaux (LinkedIn et Meta), et assurer un positionnement coh\u00e9rent de la marque.<\/li>\n\n\n\n<li>Vous r\u00e9digez et concevez du contenu visuel attrayant et des supports de communication, tels que des posts sur les r\u00e9seaux sociaux et des pr\u00e9sentations.<\/li>\n\n\n\n<li>Vous cr\u00e9ez du contenu vid\u00e9o et visuel : t\u00e9moignages et formats courts.<\/li>\n\n\n\n<li>Vous mettez en place des campagnes B2B cibl\u00e9es via Meta Ads, LinkedIn Ads, Google Ads. Vous optimisez sur la base de donn\u00e9es, pas sur l&rsquo;intuition. <\/li>\n\n\n\n<li>Vous maintenez les sites web \u00e0 jour, optimis\u00e9s pour le r\u00e9f\u00e9rencement et ax\u00e9s sur la conversion.<\/li>\n\n\n\n<li>Vous contribuez \u00e0 la communication interne et \u00e0 la communication \u00e9v\u00e9nementielle.<\/li>\n\n\n\n<li>Travailler occasionnellement sur site pour avoir le feeling des projets et des \u00e9quipes<\/li>\n<\/ul>\n\n\n\n<h3 class=\"wp-block-heading\"><strong><strong>Qui \u00eates-vous ?<\/strong><\/strong><\/h3>\n\n\n\n<ul class=\"wp-block-list\">\n<li>Un dipl\u00f4me de bachelor ou de master en marketing, communication ou m\u00e9dias num\u00e9riques.<\/li>\n\n\n\n<li>Au moins 2 ans d&rsquo;exp\u00e9rience en marketing digital (B2B).<\/li>\n\n\n\n<li>Familiarit\u00e9 avec le marketing de contenu et la gestion des m\u00e9dias sociaux, le SEO, le SEA, l&rsquo;e-mail marketing et la gestion de sites web.<\/li>\n\n\n\n<li>Comp\u00e9tence en MS 365 (Word, Excel, PowerPoint, SharePoint).<\/li>\n\n\n\n<li>Vous avez de l&rsquo;exp\u00e9rience avec Adobe Creative Suite (Indesign, Photoshop, Illustrator) ; et pouvez \u00e9diter des vid\u00e9os (CapCut, Premiere,&#8230;).<\/li>\n\n\n\n<li>Vous \u00e9crivez couramment et clairement en n\u00e9erlandais, le fran\u00e7ais est un plus.<\/li>\n\n\n\n<li>Vous \u00eates pragmatique, capable de bien d\u00e9finir les priorit\u00e9s et de travailler de mani\u00e8re autonome.<\/li>\n\n\n\n<li>Vous \u00eates un travailleur minutieux avec un \u0153il pour le d\u00e9tail et la structure.<\/li>\n\n\n\n<li>Esprit cr\u00e9atif avec un sens du contenu \u00e9l\u00e9gant et du storytelling.<\/li>\n\n\n\n<li>Vous aimez voyager entre nos sites et poss\u00e9dez un permis de conduire B.<\/li>\n<\/ul>\n\n\n\n<h3 class=\"wp-block-heading\"><strong><strong><strong>Que proposons-nous ?<\/strong><\/strong><\/strong><\/h3>\n\n\n\n<ul class=\"wp-block-list\">\n<li>Une fonction vari\u00e9e avec beaucoup d&rsquo;autonomie et d&rsquo;espace pour l&rsquo;initiative et la cr\u00e9ativit\u00e9.<\/li>\n\n\n\n<li>De l&rsquo;espace pour la cr\u00e9ativit\u00e9, l&rsquo;initiative et les id\u00e9es.<\/li>\n\n\n\n<li>Collaboration au sein d&rsquo;une \u00e9quipe ambitieuse et chaleureuse.<\/li>\n\n\n\n<li>Possibilit\u00e9 de fa\u00e7onner davantage la marque et d&rsquo;avoir un impact.<\/li>\n<\/ul>\n\n\n\n<div class=\"wp-block-buttons is-layout-flex wp-block-buttons-is-layout-flex\">\n<div class=\"wp-block-button is-style-sage is-style-sage--2\"><a class=\"wp-block-button__link wp-element-button\" href=\"#contact\">Remplissez vos coordonn\u00e9es et venez prendre un caf\u00e9<\/a><\/div>\n<\/div>\n<\/div>\n<\/div>\n<\/div>\n<\/div>\n\n<div class=\"wp-block-columns alignfull has-storm-dust-hover-color has-sage-2-background-color has-text-color has-background has-link-color wp-elements-a5572fda9eb6b340303623c36c62e6d8 is-layout-flex wp-container-core-columns-is-layout-242736b9 wp-block-columns-is-layout-flex\" id=\"contact\" style=\"padding-top:var(--wp--preset--spacing--120-60);padding-right:var(--wp--preset--spacing--60-30);padding-bottom:var(--wp--preset--spacing--120-60);padding-left:var(--wp--preset--spacing--60-30)\">\n<div class=\"wp-block-column has-global-padding is-layout-constrained wp-container-core-column-is-layout-268b7d10 wp-block-column-is-layout-constrained\" style=\"padding-right:var(--wp--preset--spacing--80-40);padding-left:var(--wp--preset--spacing--80-40)\">\n<div class=\"wp-block-group has-global-padding is-layout-constrained wp-block-group-is-layout-constrained\">\n<h2 class=\"wp-block-heading\">Je suis partant(e)<\/h2>\n\n\n\n<div style=\"height:60px\" aria-hidden=\"true\" class=\"wp-block-spacer\"><\/div>\n\n\n<div class=\"wpforms-container wpforms-block wpforms-block-a20db2e5-66da-40a2-87fb-61ff0a2e5b3d wpforms-render-modern\" id=\"wpforms-5201\"><form id=\"wpforms-form-5201\" class=\"wpforms-validate wpforms-form\" data-formid=\"5201\" method=\"post\" enctype=\"multipart\/form-data\" action=\"\/fr\/wp-json\/wp\/v2\/pages\/10777?wpforms_form_id=5201\" data-token=\"62c58d7ed370f1baee9085213e14723a\" data-token-time=\"1775434742\"><noscript class=\"wpforms-error-noscript\">Veuillez activer JavaScript dans votre navigateur pour remplir ce formulaire.<\/noscript><div id=\"wpforms-error-noscript\" style=\"display: none;\">Veuillez activer JavaScript dans votre navigateur pour remplir ce formulaire.<\/div><div class=\"wpforms-field-container\"><div id=\"wpforms-5201-field_15-container\" class=\"wpforms-field wpforms-field-layout\" data-field-id=\"15\"><h3 class=\"wpforms-field-label\">\n\t\t\t\tSaisissez vos coordonn\u00e9es ici\n\t\t\t<\/h3><div class=\"wpforms-field-layout-rows wpforms-field-large\"><div class=\"wpforms-layout-row\"><div class=\"wpforms-layout-column wpforms-layout-column-50\"><div id=\"wpforms-5201-field_1-container\" class=\"wpforms-field wpforms-field-text field50\" data-field-id=\"1\"><label class=\"wpforms-field-label\" for=\"wpforms-5201-field_1\">Pr\u00e9nom * <span class=\"wpforms-required-label\" aria-hidden=\"true\">*<\/span><\/label><input type=\"text\" id=\"wpforms-5201-field_1\" class=\"wpforms-field-large wpforms-field-required\" name=\"wpforms[fields][1]\" aria-errormessage=\"wpforms-5201-field_1-error\" required><\/div><\/div><div class=\"wpforms-layout-column wpforms-layout-column-50\"><div id=\"wpforms-5201-field_2-container\" class=\"wpforms-field wpforms-field-text field50\" data-field-id=\"2\"><label class=\"wpforms-field-label\" for=\"wpforms-5201-field_2\">Nom * <span class=\"wpforms-required-label\" aria-hidden=\"true\">*<\/span><\/label><input type=\"text\" id=\"wpforms-5201-field_2\" class=\"wpforms-field-large wpforms-field-required\" name=\"wpforms[fields][2]\" aria-errormessage=\"wpforms-5201-field_2-error\" required><\/div><\/div><\/div><div class=\"wpforms-layout-row\"><div class=\"wpforms-layout-column wpforms-layout-column-50\"><div id=\"wpforms-5201-field_3-container\" class=\"wpforms-field wpforms-field-email field50\" data-field-id=\"3\"><label class=\"wpforms-field-label\" for=\"wpforms-5201-field_3\">Adresse e-mail * <span class=\"wpforms-required-label\" aria-hidden=\"true\">*<\/span><\/label><input type=\"email\" id=\"wpforms-5201-field_3\" class=\"wpforms-field-large wpforms-field-required\" name=\"wpforms[fields][3]\" spellcheck=\"false\" aria-errormessage=\"wpforms-5201-field_3-error\" required><\/div><\/div><div class=\"wpforms-layout-column wpforms-layout-column-50\"><div id=\"wpforms-5201-field_5-container\" class=\"wpforms-field wpforms-field-phone field50\" data-field-id=\"5\"><label class=\"wpforms-field-label\" for=\"wpforms-5201-field_5\">T\u00e9l\u00e9phone * <span class=\"wpforms-required-label\" aria-hidden=\"true\">*<\/span><\/label><input type=\"tel\" id=\"wpforms-5201-field_5\" class=\"wpforms-field-large wpforms-field-required\" data-rule-int-phone-field=\"true\" name=\"wpforms[fields][5]\" aria-label=\"T\u00e9l\u00e9phone *\" aria-errormessage=\"wpforms-5201-field_5-error\" required><\/div><\/div><\/div><\/div><\/div><div id=\"wpforms-5201-field_12-container\" class=\"wpforms-field wpforms-field-layout\" data-field-id=\"12\"><h3 class=\"wpforms-field-label\">\n\t\t\t\tT\u00e9l\u00e9chargez vos documents ici\n\t\t\t<\/h3><div class=\"wpforms-field-layout-rows wpforms-field-large\"><div class=\"wpforms-layout-row\"><div class=\"wpforms-layout-column wpforms-layout-column-50\"><div id=\"wpforms-5201-field_10-container\" class=\"wpforms-field wpforms-field-file-upload field50\" data-field-id=\"10\"><label class=\"wpforms-field-label\" for=\"wpforms-5201-field_10\">T\u00e9l\u00e9chargez votre CV ici <span class=\"wpforms-required-label\" aria-hidden=\"true\">*<\/span><\/label><div\n\t\tclass=\"wpforms-uploader wpforms-field-required\"\n\t\tdata-field-id=\"10\"\n\t\tdata-form-id=\"5201\"\n\t\tdata-input-name=\"wpforms_5201_10\"\n\t\tdata-extensions=\"pdf,doc,docx\"\n\t\tdata-max-size=\"268435456\"\n\t\tdata-max-file-number=\"1\"\n\t\tdata-post-max-size=\"268435456\"\n\t\tdata-max-parallel-uploads=\"4\"\n\t\tdata-parallel-uploads=\"true\"\n\t\tdata-file-chunk-size=\"2097152\">\n\t<div class=\"dz-message\">\n\t\t<svg  viewBox=\"0 0 640 640\" focusable=\"false\" data-icon=\"inbox\" width=\"50px\" height=\"50px\" fill=\"currentColor\" aria-hidden=\"true\">\n\t\t\t<path d=\"M352 173.3L352 384C352 401.7 337.7 416 320 416C302.3 416 288 401.7 288 384L288 173.3L246.6 214.7C234.1 227.2 213.8 227.2 201.3 214.7C188.8 202.2 188.8 181.9 201.3 169.4L297.3 73.4C309.8 60.9 330.1 60.9 342.6 73.4L438.6 169.4C451.1 181.9 451.1 202.2 438.6 214.7C426.1 227.2 405.8 227.2 393.3 214.7L352 173.3zM320 464C364.2 464 400 428.2 400 384L480 384C515.3 384 544 412.7 544 448L544 480C544 515.3 515.3 544 480 544L160 544C124.7 544 96 515.3 96 480L96 448C96 412.7 124.7 384 160 384L240 384C240 428.2 275.8 464 320 464zM464 488C477.3 488 488 477.3 488 464C488 450.7 477.3 440 464 440C450.7 440 440 450.7 440 464C440 477.3 450.7 488 464 488z\"\/>\n\t\t<\/svg>\n\n\t\t<span class=\"modern-title\">\n\t\t\t\t\t\t\tFaites glisser et d\u00e9posez des fichiers,  \t\t\t\t<span>Choisissez les fichiers \u00e0 t\u00e9l\u00e9charger<\/span>\n\t\t\t\t\t<\/span>\n\n\t\t\t<\/div>\n<\/div>\n\n<input\n\t\ttype=\"text\"\n\t\tautocomplete=\"off\"\n\t\treadonly\n\t\tclass=\"dropzone-input\"\n\t\tstyle=\"position:absolute!important;clip:rect(0,0,0,0)!important;height:1px!important;width:1px!important;border:0!important;overflow:hidden!important;padding:0!important;margin:0!important;\"\n\t\tid=\"wpforms-5201-field_10\"\n\t\tname=\"wpforms_5201_10\" required\t\tvalue=\"\">\n<\/div><\/div><div class=\"wpforms-layout-column wpforms-layout-column-50\"><div id=\"wpforms-5201-field_11-container\" class=\"wpforms-field wpforms-field-file-upload field50\" data-field-id=\"11\"><label class=\"wpforms-field-label\" for=\"wpforms-5201-field_11\">T\u00e9l\u00e9chargez votre lettre de motivation ici <span class=\"wpforms-required-label\" aria-hidden=\"true\">*<\/span><\/label><div\n\t\tclass=\"wpforms-uploader wpforms-field-required\"\n\t\tdata-field-id=\"11\"\n\t\tdata-form-id=\"5201\"\n\t\tdata-input-name=\"wpforms_5201_11\"\n\t\tdata-extensions=\"pdf,doc,docx\"\n\t\tdata-max-size=\"268435456\"\n\t\tdata-max-file-number=\"1\"\n\t\tdata-post-max-size=\"268435456\"\n\t\tdata-max-parallel-uploads=\"4\"\n\t\tdata-parallel-uploads=\"true\"\n\t\tdata-file-chunk-size=\"2097152\">\n\t<div class=\"dz-message\">\n\t\t<svg  viewBox=\"0 0 640 640\" focusable=\"false\" data-icon=\"inbox\" width=\"50px\" height=\"50px\" fill=\"currentColor\" aria-hidden=\"true\">\n\t\t\t<path d=\"M352 173.3L352 384C352 401.7 337.7 416 320 416C302.3 416 288 401.7 288 384L288 173.3L246.6 214.7C234.1 227.2 213.8 227.2 201.3 214.7C188.8 202.2 188.8 181.9 201.3 169.4L297.3 73.4C309.8 60.9 330.1 60.9 342.6 73.4L438.6 169.4C451.1 181.9 451.1 202.2 438.6 214.7C426.1 227.2 405.8 227.2 393.3 214.7L352 173.3zM320 464C364.2 464 400 428.2 400 384L480 384C515.3 384 544 412.7 544 448L544 480C544 515.3 515.3 544 480 544L160 544C124.7 544 96 515.3 96 480L96 448C96 412.7 124.7 384 160 384L240 384C240 428.2 275.8 464 320 464zM464 488C477.3 488 488 477.3 488 464C488 450.7 477.3 440 464 440C450.7 440 440 450.7 440 464C440 477.3 450.7 488 464 488z\"\/>\n\t\t<\/svg>\n\n\t\t<span class=\"modern-title\">\n\t\t\t\t\t\t\tFaites glisser et d\u00e9posez des fichiers,  \t\t\t\t<span>Choisissez les fichiers \u00e0 t\u00e9l\u00e9charger<\/span>\n\t\t\t\t\t<\/span>\n\n\t\t\t<\/div>\n<\/div>\n\n<input\n\t\ttype=\"text\"\n\t\tautocomplete=\"off\"\n\t\treadonly\n\t\tclass=\"dropzone-input\"\n\t\tstyle=\"position:absolute!important;clip:rect(0,0,0,0)!important;height:1px!important;width:1px!important;border:0!important;overflow:hidden!important;padding:0!important;margin:0!important;\"\n\t\tid=\"wpforms-5201-field_11\"\n\t\tname=\"wpforms_5201_11\" required\t\tvalue=\"\">\n<\/div><\/div><\/div><\/div><\/div><div id=\"wpforms-5201-field_6-container\" class=\"wpforms-field wpforms-field-text\" data-field-id=\"6\"><label class=\"wpforms-field-label\" for=\"wpforms-5201-field_6\">Votre message *<\/label><input type=\"text\" id=\"wpforms-5201-field_6\" class=\"wpforms-field-large\" name=\"wpforms[fields][6]\" aria-errormessage=\"wpforms-5201-field_6-error\" ><\/div><div id=\"wpforms-5201-field_7-container\" class=\"wpforms-field wpforms-field-checkbox\" data-field-id=\"7\"><fieldset><legend class=\"wpforms-field-label wpforms-label-hide\" aria-hidden=\"false\">RGPD<\/legend><ul id=\"wpforms-5201-field_7\"><li class=\"choice-3 depth-1\"><input type=\"checkbox\" id=\"wpforms-5201-field_7_3\" name=\"wpforms[fields][7][]\" value=\"J&#039;accepte la &lt;a href=&quot;https:\/\/buroproject.be\/fr\/politique-de-confidentialite\/&quot;&gt;politique de confidentialit\u00e9&lt;\/a&gt; et les conditions g\u00e9n\u00e9rales.\" aria-errormessage=\"wpforms-5201-field_7_3-error\"  ><label class=\"wpforms-field-label-inline\" for=\"wpforms-5201-field_7_3\">J&rsquo;accepte la <a href=\"https:\/\/buroproject.be\/fr\/politique-de-confidentialite\/\" target=\"_blank\" rel=\"noopener\">politique de confidentialit\u00e9<\/a> et les conditions g\u00e9n\u00e9rales.<\/label><\/li><\/ul><\/fieldset><\/div><\/div><!-- .wpforms-field-container --><div class=\"wpforms-recaptcha-container wpforms-is-recaptcha wpforms-is-recaptcha-type-v3\" ><input type=\"hidden\" name=\"wpforms[recaptcha]\" value=\"\"><\/div><div class=\"wpforms-submit-container\" ><input type=\"hidden\" name=\"wpforms[id]\" value=\"5201\"><input type=\"hidden\" name=\"page_title\" value=\"\"><input type=\"hidden\" name=\"page_url\" value=\"https:\/\/pga.conversal.io\/fr\/wp-json\/wp\/v2\/pages\/10777\"><input type=\"hidden\" name=\"url_referer\" value=\"\"><button type=\"submit\" name=\"wpforms[submit]\" id=\"wpforms-submit-5201\" class=\"wpforms-submit\" data-alt-text=\"envoyer...\" data-submit-text=\"Postuler\" aria-live=\"assertive\" value=\"wpforms-submit\">Postuler<\/button><\/div><\/form><\/div>  <!-- .wpforms-container --><\/div>\n<\/div>\n<\/div>\n","protected":false},"excerpt":{"rendered":"<p>Conteur cr\u00e9atif avec un \u0153il pour le design Nous recherchons quelqu&rsquo;un capable de donner vie aux histoires. Une personne qui comprend comment fonctionne le contenu en B2B, qui transforme des id\u00e9es en publications, vid\u00e9os, visuels et campagnes qui touchent vraiment les clients. Vous traduisez les strat\u00e9gies de marque en r\u00e9cits inspirants, en contenu captivant et [&hellip;]<\/p>\n","protected":false},"author":2,"featured_media":0,"parent":5942,"menu_order":160,"comment_status":"closed","ping_status":"closed","template":"","meta":{"_acf_changed":false,"inline_featured_image":false,"footnotes":""},"class_list":["post-10777","page","type-page","status-publish","hentry"],"acf":[],"mb":[],"mfb_rest_fields":["title"],"_links":{"self":[{"href":"https:\/\/pga.conversal.io\/fr\/wp-json\/wp\/v2\/pages\/10777","targetHints":{"allow":["GET"]}}],"collection":[{"href":"https:\/\/pga.conversal.io\/fr\/wp-json\/wp\/v2\/pages"}],"about":[{"href":"https:\/\/pga.conversal.io\/fr\/wp-json\/wp\/v2\/types\/page"}],"author":[{"embeddable":true,"href":"https:\/\/pga.conversal.io\/fr\/wp-json\/wp\/v2\/users\/2"}],"replies":[{"embeddable":true,"href":"https:\/\/pga.conversal.io\/fr\/wp-json\/wp\/v2\/comments?post=10777"}],"version-history":[{"count":5,"href":"https:\/\/pga.conversal.io\/fr\/wp-json\/wp\/v2\/pages\/10777\/revisions"}],"predecessor-version":[{"id":10795,"href":"https:\/\/pga.conversal.io\/fr\/wp-json\/wp\/v2\/pages\/10777\/revisions\/10795"}],"up":[{"embeddable":true,"href":"https:\/\/pga.conversal.io\/fr\/wp-json\/wp\/v2\/pages\/5942"}],"wp:attachment":[{"href":"https:\/\/pga.conversal.io\/fr\/wp-json\/wp\/v2\/media?parent=10777"}],"curies":[{"name":"wp","href":"https:\/\/api.w.org\/{rel}","templated":true}]}}