{"id":3213,"date":"2025-10-07T16:56:52","date_gmt":"2025-10-07T14:56:52","guid":{"rendered":"https:\/\/pga.conversal.io\/creative\/"},"modified":"2025-10-08T14:56:40","modified_gmt":"2025-10-08T12:56:40","slug":"creative","status":"publish","type":"page","link":"https:\/\/pga.conversal.io\/fr\/creative\/","title":{"rendered":"Creative"},"content":{"rendered":"\n<h2 class=\"wp-block-heading\">Creative<\/h2>\n\n<p>Ce n&rsquo;est pas seulement une intuition, c&rsquo;est aussi scientifiquement prouv\u00e9. Comme vous passez beaucoup de temps au bureau, les plantes y sont \u00e9galement indispensables. La verdure au bureau pr\u00e9sente plusieurs avantages :  <br\/><\/p>\n\n<p><\/p>\n","protected":false},"excerpt":{"rendered":"<p>Creative Ce n&rsquo;est pas seulement une intuition, c&rsquo;est aussi scientifiquement prouv\u00e9. Comme vous passez beaucoup de temps au bureau, les plantes y sont \u00e9galement indispensables. La verdure au bureau pr\u00e9sente plusieurs avantages :<\/p>\n","protected":false},"author":1,"featured_media":0,"parent":0,"menu_order":185,"comment_status":"closed","ping_status":"closed","template":"","meta":{"_acf_changed":false,"inline_featured_image":false,"footnotes":""},"class_list":["post-3213","page","type-page","status-publish","hentry"],"acf":[],"mb":[],"mfb_rest_fields":["title"],"_links":{"self":[{"href":"https:\/\/pga.conversal.io\/fr\/wp-json\/wp\/v2\/pages\/3213","targetHints":{"allow":["GET"]}}],"collection":[{"href":"https:\/\/pga.conversal.io\/fr\/wp-json\/wp\/v2\/pages"}],"about":[{"href":"https:\/\/pga.conversal.io\/fr\/wp-json\/wp\/v2\/types\/page"}],"author":[{"embeddable":true,"href":"https:\/\/pga.conversal.io\/fr\/wp-json\/wp\/v2\/users\/1"}],"replies":[{"embeddable":true,"href":"https:\/\/pga.conversal.io\/fr\/wp-json\/wp\/v2\/comments?post=3213"}],"version-history":[{"count":2,"href":"https:\/\/pga.conversal.io\/fr\/wp-json\/wp\/v2\/pages\/3213\/revisions"}],"predecessor-version":[{"id":3216,"href":"https:\/\/pga.conversal.io\/fr\/wp-json\/wp\/v2\/pages\/3213\/revisions\/3216"}],"wp:attachment":[{"href":"https:\/\/pga.conversal.io\/fr\/wp-json\/wp\/v2\/media?parent=3213"}],"curies":[{"name":"wp","href":"https:\/\/api.w.org\/{rel}","templated":true}]}}