{"id":5864,"date":"2018-09-19T13:56:11","date_gmt":"2018-09-19T11:56:11","guid":{"rendered":"https:\/\/pga.conversal.io\/politique-de-cookies\/"},"modified":"2025-11-25T09:47:28","modified_gmt":"2025-11-25T08:47:28","slug":"politique-de-cookies","status":"publish","type":"page","link":"https:\/\/pga.conversal.io\/fr\/politique-de-cookies\/","title":{"rendered":"Politique de cookies"},"content":{"rendered":"\n<div class=\"wp-block-columns is-layout-flex wp-container-core-columns-is-layout-a2825380 wp-block-columns-is-layout-flex\" style=\"margin-top:0px;margin-bottom:0px;padding-top:0\">\n<div class=\"wp-block-column has-global-padding is-layout-constrained wp-block-column-is-layout-constrained\">\n<div class=\"wp-block-group is-layout-flow wp-block-group-is-layout-flow\"><nav aria-label=\"breadcrumbs\" class=\"rank-math-breadcrumb\"><p><span class=\"last\">Accueil<\/span><\/p><\/nav>\n\n\n<div class=\"wp-block-columns is-layout-flex wp-container-core-columns-is-layout-c37056bb wp-block-columns-is-layout-flex\" style=\"margin-top:var(--wp--preset--spacing--16)\">\n<div class=\"wp-block-column is-layout-flow wp-block-column-is-layout-flow\"><h1 class=\"wp-block-post-title has-heading-one-font-size\">Politique de cookies<\/h1><\/div>\n\n\n\n<div class=\"wp-block-column is-layout-flow wp-block-column-is-layout-flow\">\n<p>Sur ce site web, nous utilisons des cookies. Un cookie est un petit fichier qui est stock\u00e9 sur le disque dur de votre ordinateur lors de la visite de notre site web. Les informations qui y sont stock\u00e9es, comme par exemple votre choix de langue, sont m\u00e9moris\u00e9es pour faciliter une prochaine visite.  <\/p>\n<\/div>\n<\/div>\n<\/div>\n<\/div>\n<\/div>\n\n<div class=\"wp-block-group fullWidthImgSec has-global-padding is-layout-constrained wp-block-group-is-layout-constrained\" style=\"padding-top:var(--wp--preset--spacing--60-30);padding-bottom:var(--wp--preset--spacing--60-30)\">\n<div class=\"wp-block-group is-layout-flow wp-block-group-is-layout-flow\">\n<figure class=\"wp-block-image size-full has-custom-border\"><img decoding=\"async\" width=\"1464\" height=\"614\" src=\"https:\/\/pga.conversal.io\/wp-content\/uploads\/2025\/10\/Europabank-Burgstraat-30.jpg.webp\" alt=\"\" class=\"wp-image-4770\" style=\"border-radius:0px\" srcset=\"https:\/\/pga.conversal.io\/wp-content\/uploads\/2025\/10\/Europabank-Burgstraat-30.jpg.webp 1464w, https:\/\/pga.conversal.io\/wp-content\/uploads\/2025\/10\/Europabank-Burgstraat-30.jpg-300x126.webp 300w, https:\/\/pga.conversal.io\/wp-content\/uploads\/2025\/10\/Europabank-Burgstraat-30.jpg-1024x429.webp 1024w, https:\/\/pga.conversal.io\/wp-content\/uploads\/2025\/10\/Europabank-Burgstraat-30.jpg-768x322.webp 768w\" sizes=\"(max-width: 1464px) 100vw, 1464px\" \/><\/figure>\n<\/div>\n<\/div>\n\n<div class=\"wp-block-columns is-layout-flex wp-container-core-columns-is-layout-5bbe6e16 wp-block-columns-is-layout-flex\" style=\"margin-top:0;margin-bottom:0;padding-top:var(--wp--preset--spacing--60-30);padding-bottom:var(--wp--preset--spacing--60-30)\">\n<div class=\"wp-block-column has-global-padding is-layout-constrained wp-block-column-is-layout-constrained\">\n<div class=\"wp-block-group is-layout-flow wp-container-core-group-is-layout-4bbf747a wp-block-group-is-layout-flow\">\n<h2 class=\"wp-block-heading\">Cookies fonctionnels <\/h2>\n\n\n\n<p>Les cookies fonctionnels enregistrent vos pr\u00e9f\u00e9rences saisies et vous reconnaissent en tant que visiteur lorsque vous visitez \u00e0 nouveau le site web. Les cookies fonctionnels ont l&rsquo;avantage que le visiteur n&rsquo;a pas besoin de saisir \u00e0 nouveau ses pr\u00e9f\u00e9rences \u00e0 chaque fois, ce qui rend le site web plus facile \u00e0 utiliser. Vous pouvez supprimer ces cookies fonctionnels via les param\u00e8tres du navigateur. Vous pouvez trouver plus d&rsquo;informations \u00e0 ce sujet.   <\/p>\n<\/div>\n<\/div>\n<\/div>\n\n<div class=\"wp-block-columns is-layout-flex wp-container-core-columns-is-layout-5bbe6e16 wp-block-columns-is-layout-flex\" style=\"margin-top:0;margin-bottom:0;padding-top:var(--wp--preset--spacing--60-30);padding-bottom:var(--wp--preset--spacing--60-30)\">\n<div class=\"wp-block-column has-global-padding is-layout-constrained wp-block-column-is-layout-constrained\">\n<div class=\"wp-block-group is-layout-flow wp-container-core-group-is-layout-4bbf747a wp-block-group-is-layout-flow\">\n<h2 class=\"wp-block-heading\">Cookies analytiques <\/h2>\n\n\n\n<p>Via notre site web, un cookie est plac\u00e9 par la soci\u00e9t\u00e9 am\u00e9ricaine Google dans le cadre des services de Google Analytics. Nous utilisons ce service pour suivre comment nos visiteurs utilisent le site web et ceci dans le but d&rsquo;am\u00e9liorer la fonctionnalit\u00e9 de notre site web. Ce rapport est li\u00e9 \u00e0 votre adresse IP.   <\/p>\n\n\n\n<p>Google peut fournir ces informations \u00e0 des tiers si Google y est l\u00e9galement oblig\u00e9, ou dans la mesure o\u00f9 des tiers traitent les informations au nom de Google. Nous n&rsquo;avons aucune influence sur cela. Les informations que Google collecte sont anonymis\u00e9es autant que possible. Les informations sont transf\u00e9r\u00e9es vers et stock\u00e9es par Google sur des serveurs aux \u00c9tats-Unis.   <\/p>\n<\/div>\n<\/div>\n<\/div>\n\n<script type=\"text\/javascript\" charset=\"UTF-8\" data-cookiescriptreport=\"report\" src=\"\/\/report.cookie-script.com\/r\/27e7e965988d8346036d907716056828.js\"><\/script>\n\n<div class=\"wp-block-columns is-layout-flex wp-container-core-columns-is-layout-5bbe6e16 wp-block-columns-is-layout-flex\" style=\"margin-top:0;margin-bottom:0;padding-top:var(--wp--preset--spacing--60-30);padding-bottom:var(--wp--preset--spacing--60-30)\">\n<div class=\"wp-block-column has-global-padding is-layout-constrained wp-block-column-is-layout-constrained\">\n<div class=\"wp-block-group is-layout-flow wp-container-core-group-is-layout-4bbf747a wp-block-group-is-layout-flow\">\n<h2 class=\"wp-block-heading\">Supprimer et\/ou d\u00e9sactiver les cookies <\/h2>\n\n\n\n<p>La plupart des navigateurs internet sont configur\u00e9s pour accepter automatiquement les cookies. Via les param\u00e8tres du navigateur sur votre ordinateur, vous pouvez cependant supprimer les cookies d\u00e9j\u00e0 plac\u00e9s et refuser le placement de nouveaux cookies. La fa\u00e7on de proc\u00e9der diff\u00e8re selon le navigateur. Consultez si n\u00e9cessaire la fonction d&rsquo;aide de votre navigateur. Attention : si vous supprimez ou refusez ces cookies, vous ne pourrez peut-\u00eatre pas utiliser toutes les possibilit\u00e9s de notre site web.     <\/p>\n\n\n\n<p>Des questions ? Contactez-nous pour plus d&rsquo;informations \u00e0 <a href=\"mailto:info@buroproject.be\">info@buroproject.be<\/a>. <\/p>\n<\/div>\n<\/div>\n<\/div>\n","protected":false},"excerpt":{"rendered":"<p>Sur ce site web, nous utilisons des cookies. Un cookie est un petit fichier qui est stock\u00e9 sur le disque dur de votre ordinateur lors de la visite de notre site web. Les informations qui y sont stock\u00e9es, comme par exemple votre choix de langue, sont m\u00e9moris\u00e9es pour faciliter une prochaine visite. Cookies fonctionnels Les [&hellip;]<\/p>\n","protected":false},"author":1,"featured_media":0,"parent":0,"menu_order":230,"comment_status":"closed","ping_status":"closed","template":"","meta":{"_acf_changed":false,"inline_featured_image":false,"footnotes":""},"class_list":["post-5864","page","type-page","status-publish","hentry"],"acf":[],"mb":[],"mfb_rest_fields":["title"],"_links":{"self":[{"href":"https:\/\/pga.conversal.io\/fr\/wp-json\/wp\/v2\/pages\/5864","targetHints":{"allow":["GET"]}}],"collection":[{"href":"https:\/\/pga.conversal.io\/fr\/wp-json\/wp\/v2\/pages"}],"about":[{"href":"https:\/\/pga.conversal.io\/fr\/wp-json\/wp\/v2\/types\/page"}],"author":[{"embeddable":true,"href":"https:\/\/pga.conversal.io\/fr\/wp-json\/wp\/v2\/users\/1"}],"replies":[{"embeddable":true,"href":"https:\/\/pga.conversal.io\/fr\/wp-json\/wp\/v2\/comments?post=5864"}],"version-history":[{"count":5,"href":"https:\/\/pga.conversal.io\/fr\/wp-json\/wp\/v2\/pages\/5864\/revisions"}],"predecessor-version":[{"id":10034,"href":"https:\/\/pga.conversal.io\/fr\/wp-json\/wp\/v2\/pages\/5864\/revisions\/10034"}],"wp:attachment":[{"href":"https:\/\/pga.conversal.io\/fr\/wp-json\/wp\/v2\/media?parent=5864"}],"curies":[{"name":"wp","href":"https:\/\/api.w.org\/{rel}","templated":true}]}}