{"id":5866,"date":"2018-08-28T10:22:20","date_gmt":"2018-08-28T08:22:20","guid":{"rendered":"https:\/\/pga.conversal.io\/politique-de-confidentialite\/"},"modified":"2025-10-23T12:29:52","modified_gmt":"2025-10-23T10:29:52","slug":"politique-de-confidentialite","status":"publish","type":"page","link":"https:\/\/pga.conversal.io\/fr\/politique-de-confidentialite\/","title":{"rendered":"Politique de confidentialit\u00e9"},"content":{"rendered":"\n<div class=\"wp-block-columns is-layout-flex wp-container-core-columns-is-layout-a2825380 wp-block-columns-is-layout-flex\" style=\"margin-top:0px;margin-bottom:0px;padding-top:0\">\n<div class=\"wp-block-column has-global-padding is-layout-constrained wp-block-column-is-layout-constrained\">\n<div class=\"wp-block-group is-layout-flow wp-block-group-is-layout-flow\"><nav aria-label=\"breadcrumbs\" class=\"rank-math-breadcrumb\"><p><span class=\"last\">Accueil<\/span><\/p><\/nav>\n\n\n<div class=\"wp-block-columns is-layout-flex wp-container-core-columns-is-layout-c37056bb wp-block-columns-is-layout-flex\" style=\"margin-top:var(--wp--preset--spacing--16)\">\n<div class=\"wp-block-column is-layout-flow wp-block-column-is-layout-flow\"><h1 class=\"wp-block-post-title has-heading-one-font-size\">Politique de confidentialit\u00e9<\/h1><\/div>\n\n\n\n<div class=\"wp-block-column is-layout-flow wp-block-column-is-layout-flow\">\n<p>Cette politique de confidentialit\u00e9 (\u00ab Politique de confidentialit\u00e9 \u00bb) r\u00e9git le traitement de vos donn\u00e9es personnelles dans le cadre de votre utilisation de notre site web et des services qui y sont associ\u00e9s. Le traitement de vos donn\u00e9es personnelles est effectu\u00e9 par Buro Project en tant que responsable du traitement, dont le si\u00e8ge social est situ\u00e9 Keppekouter 9, 9320 Alost. Inscrite \u00e0 la BCE sous le num\u00e9ro 0478.993.027.   <\/p>\n\n\n\n<p>En utilisant notre site web\/services, vous acceptez notre politique de confidentialit\u00e9. Nous nous r\u00e9servons le droit de modifier r\u00e9guli\u00e8rement cette politique de confidentialit\u00e9. La derni\u00e8re version de notre politique de confidentialit\u00e9 sera toujours disponible sur cette page.  <\/p>\n<\/div>\n<\/div>\n<\/div>\n<\/div>\n<\/div>\n\n<div class=\"wp-block-group fullWidthImgSec has-global-padding is-layout-constrained wp-block-group-is-layout-constrained\" style=\"padding-top:var(--wp--preset--spacing--60-30);padding-bottom:var(--wp--preset--spacing--60-30)\">\n<div class=\"wp-block-group is-layout-flow wp-block-group-is-layout-flow\">\n<figure class=\"wp-block-image size-full has-custom-border\"><img decoding=\"async\" width=\"1464\" height=\"614\" src=\"https:\/\/pga.conversal.io\/wp-content\/uploads\/2025\/10\/Project-Travel-Lounge2.jpg-1.webp\" alt=\"\" class=\"wp-image-4756\" style=\"border-radius:0px\" srcset=\"https:\/\/pga.conversal.io\/wp-content\/uploads\/2025\/10\/Project-Travel-Lounge2.jpg-1.webp 1464w, https:\/\/pga.conversal.io\/wp-content\/uploads\/2025\/10\/Project-Travel-Lounge2.jpg-1-300x126.webp 300w, https:\/\/pga.conversal.io\/wp-content\/uploads\/2025\/10\/Project-Travel-Lounge2.jpg-1-1024x429.webp 1024w, https:\/\/pga.conversal.io\/wp-content\/uploads\/2025\/10\/Project-Travel-Lounge2.jpg-1-768x322.webp 768w\" sizes=\"(max-width: 1464px) 100vw, 1464px\" \/><\/figure>\n<\/div>\n<\/div>\n\n<div class=\"wp-block-columns is-layout-flex wp-container-core-columns-is-layout-5bbe6e16 wp-block-columns-is-layout-flex\" style=\"margin-top:0;margin-bottom:0;padding-top:var(--wp--preset--spacing--60-30);padding-bottom:var(--wp--preset--spacing--60-30)\">\n<div class=\"wp-block-column has-global-padding is-layout-constrained wp-block-column-is-layout-constrained\">\n<div class=\"wp-block-group is-layout-flow wp-container-core-group-is-layout-4bbf747a wp-block-group-is-layout-flow\">\n<h2 class=\"wp-block-heading\">Quelles donn\u00e9es personnelles traitons-nous\u00a0? <\/h2>\n\n\n\n<p>Nous pouvons traiter les donn\u00e9es personnelles suivantes, en fonction des produits ou services que vous nous achetez\u00a0: <\/p>\n\n\n\n<ul class=\"wp-block-list\">\n<li>Pr\u00e9nom et nom de famille <\/li>\n\n\n\n<li>Nom de l\u2019entreprise <\/li>\n\n\n\n<li>Adresse e-mail<\/li>\n\n\n\n<li>  Donn\u00e9es sur vos activit\u00e9s sur notre site web<\/li>\n\n\n\n<li>  Autres donn\u00e9es que vous nous fournissez activement en remplissant le formulaire de contact sur notre site web ou en nous contactant par e-mail ou par t\u00e9l\u00e9phone<\/li>\n<\/ul>\n<\/div>\n<\/div>\n<\/div>\n\n<div class=\"wp-block-columns is-layout-flex wp-container-core-columns-is-layout-5bbe6e16 wp-block-columns-is-layout-flex\" style=\"margin-top:0;margin-bottom:0;padding-top:var(--wp--preset--spacing--60-30);padding-bottom:var(--wp--preset--spacing--60-30)\">\n<div class=\"wp-block-column has-global-padding is-layout-constrained wp-block-column-is-layout-constrained\">\n<div class=\"wp-block-group is-layout-flow wp-container-core-group-is-layout-4bbf747a wp-block-group-is-layout-flow\">\n<h2 class=\"wp-block-heading\">Dans quel but traitons-nous vos donn\u00e9es personnelles\u00a0? <\/h2>\n\n\n\n<p>Nous traitons les donn\u00e9es personnelles aux fins suivantes\u00a0: <\/p>\n\n\n\n<ul class=\"wp-block-list\">\n<li>  Obligations l\u00e9gales<\/li>\n\n\n\n<li>  Ex\u00e9cution d\u2019un accord<\/li>\n\n\n\n<li>  Envoi de newsletters auxquelles vous vous \u00eates inscrit<\/li>\n<\/ul>\n<\/div>\n<\/div>\n<\/div>\n\n<div class=\"wp-block-columns is-layout-flex wp-container-core-columns-is-layout-5bbe6e16 wp-block-columns-is-layout-flex\" style=\"margin-top:0;margin-bottom:0;padding-top:var(--wp--preset--spacing--60-30);padding-bottom:var(--wp--preset--spacing--60-30)\">\n<div class=\"wp-block-column has-global-padding is-layout-constrained wp-block-column-is-layout-constrained\">\n<div class=\"wp-block-group is-layout-flow wp-container-core-group-is-layout-4bbf747a wp-block-group-is-layout-flow\">\n<h2 class=\"wp-block-heading\">Partage de donn\u00e9es personnelles avec des tiers <\/h2>\n\n\n\n<p>Nous ne partageons vos donn\u00e9es personnelles avec des tiers que si cela est n\u00e9cessaire \u00e0 l\u2019ex\u00e9cution de l\u2019accord ou pour satisfaire \u00e0 une \u00e9ventuelle obligation l\u00e9gale. Nous concluons un accord de traitement avec les entreprises qui traitent vos donn\u00e9es en notre nom afin de garantir un niveau de s\u00e9curit\u00e9 identique. Nous restons responsables de ces traitements.  <\/p>\n<\/div>\n<\/div>\n<\/div>\n\n<div class=\"wp-block-columns is-layout-flex wp-container-core-columns-is-layout-5bbe6e16 wp-block-columns-is-layout-flex\" style=\"margin-top:0;margin-bottom:0;padding-top:var(--wp--preset--spacing--60-30);padding-bottom:var(--wp--preset--spacing--60-30)\">\n<div class=\"wp-block-column has-global-padding is-layout-constrained wp-block-column-is-layout-constrained\">\n<div class=\"wp-block-group is-layout-flow wp-container-core-group-is-layout-4bbf747a wp-block-group-is-layout-flow\">\n<h2 class=\"wp-block-heading\">MailChimp <\/h2>\n\n\n\n<p>Pour l\u2019envoi de newsletters, auxquelles vous vous \u00eates activement inscrit via notre site web, nous utilisons MailChimp. Nous y importons des adresses e-mail dans des listes. Ces donn\u00e9es ne seront utilis\u00e9es qu\u2019apr\u00e8s le consentement de la personne concern\u00e9e.  <\/p>\n<\/div>\n<\/div>\n<\/div>\n\n<div class=\"wp-block-columns is-layout-flex wp-container-core-columns-is-layout-5bbe6e16 wp-block-columns-is-layout-flex\" style=\"margin-top:0;margin-bottom:0;padding-top:var(--wp--preset--spacing--60-30);padding-bottom:var(--wp--preset--spacing--60-30)\">\n<div class=\"wp-block-column has-global-padding is-layout-constrained wp-block-column-is-layout-constrained\">\n<div class=\"wp-block-group is-layout-flow wp-container-core-group-is-layout-4bbf747a wp-block-group-is-layout-flow\">\n<h2 class=\"wp-block-heading\">Google Analytics <\/h2>\n\n\n\n<p>Nous avons conclu un accord de traitement avec Google. Les donn\u00e9es que nous collectons dans Google Analytics sont anonymis\u00e9es et crypt\u00e9es. Le soi-disant \u00ab\u00a0partage de donn\u00e9es\u00a0\u00bb avec Google est d\u00e9sactiv\u00e9. Enfin, nous n\u2019utilisons pas le cookie Google Analytics en combinaison avec d\u2019autres services de Google.   <\/p>\n<\/div>\n<\/div>\n<\/div>\n\n<div class=\"wp-block-columns is-layout-flex wp-container-core-columns-is-layout-5bbe6e16 wp-block-columns-is-layout-flex\" style=\"margin-top:0;margin-bottom:0;padding-top:var(--wp--preset--spacing--60-30);padding-bottom:var(--wp--preset--spacing--60-30)\">\n<div class=\"wp-block-column has-global-padding is-layout-constrained wp-block-column-is-layout-constrained\">\n<div class=\"wp-block-group is-layout-flow wp-container-core-group-is-layout-4bbf747a wp-block-group-is-layout-flow\">\n<h2 class=\"wp-block-heading\">Droits de la personne concern\u00e9e <\/h2>\n\n\n\n<p>En tant que personne concern\u00e9e, vous avez toujours le droit de consulter, de modifier ou de supprimer vos donn\u00e9es personnelles. Pour exercer vos droits, vous pouvez toujours nous contacter via info@buroproject.be. Afin d\u2019\u00eatre absolument certain que cette demande est faite par vous personnellement, nous vous demandons de joindre une copie de votre pi\u00e8ce d\u2019identit\u00e9 \u00e0 la demande. Veillez \u00e0 noircir vos donn\u00e9es sensibles (telles que votre photo, votre num\u00e9ro de registre national, etc.). Ceci enti\u00e8rement pour la protection de votre vie priv\u00e9e. Nous r\u00e9pondons \u00e0 votre demande dans les plus brefs d\u00e9lais et au plus tard dans les deux semaines.      <\/p>\n\n\n\n<p>Si vos droits ne sont pas respect\u00e9s, vous avez toujours la possibilit\u00e9 de d\u00e9poser une plainte aupr\u00e8s de la Commission de la protection de la vie priv\u00e9e.<\/p>\n<\/div>\n<\/div>\n<\/div>\n\n<div class=\"wp-block-columns is-layout-flex wp-container-core-columns-is-layout-5bbe6e16 wp-block-columns-is-layout-flex\" style=\"margin-top:0;margin-bottom:0;padding-top:var(--wp--preset--spacing--60-30);padding-bottom:var(--wp--preset--spacing--60-30)\">\n<div class=\"wp-block-column has-global-padding is-layout-constrained wp-block-column-is-layout-constrained\">\n<div class=\"wp-block-group is-layout-flow wp-container-core-group-is-layout-4bbf747a wp-block-group-is-layout-flow\">\n<h2 class=\"wp-block-heading\">D\u00e9lais de conservation <\/h2>\n\n\n\n<p>Les donn\u00e9es personnelles ne sont pas conserv\u00e9es plus longtemps que n\u00e9cessaire. La dur\u00e9e de conservation d\u00e9pend de la finalit\u00e9 pour laquelle nous avons obtenu ou collect\u00e9 les donn\u00e9es et des \u00e9ventuelles obligations l\u00e9gales de conservation des donn\u00e9es. Si vous avez d\u2019autres questions \u00e0 ce sujet, vous pouvez toujours nous contacter via <a href=\"mailto:info@buroproject.be\">info@buroproject.be<\/a>.  <\/p>\n<\/div>\n<\/div>\n<\/div>\n","protected":false},"excerpt":{"rendered":"<p>Cette politique de confidentialit\u00e9 (\u00ab Politique de confidentialit\u00e9 \u00bb) r\u00e9git le traitement de vos donn\u00e9es personnelles dans le cadre de votre utilisation de notre site web et des services qui y sont associ\u00e9s. Le traitement de vos donn\u00e9es personnelles est effectu\u00e9 par Buro Project en tant que responsable du traitement, dont le si\u00e8ge social est [&hellip;]<\/p>\n","protected":false},"author":1,"featured_media":0,"parent":0,"menu_order":238,"comment_status":"closed","ping_status":"closed","template":"","meta":{"_acf_changed":false,"inline_featured_image":false,"footnotes":""},"class_list":["post-5866","page","type-page","status-publish","hentry"],"acf":[],"mb":[],"mfb_rest_fields":["title"],"_links":{"self":[{"href":"https:\/\/pga.conversal.io\/fr\/wp-json\/wp\/v2\/pages\/5866","targetHints":{"allow":["GET"]}}],"collection":[{"href":"https:\/\/pga.conversal.io\/fr\/wp-json\/wp\/v2\/pages"}],"about":[{"href":"https:\/\/pga.conversal.io\/fr\/wp-json\/wp\/v2\/types\/page"}],"author":[{"embeddable":true,"href":"https:\/\/pga.conversal.io\/fr\/wp-json\/wp\/v2\/users\/1"}],"replies":[{"embeddable":true,"href":"https:\/\/pga.conversal.io\/fr\/wp-json\/wp\/v2\/comments?post=5866"}],"version-history":[{"count":1,"href":"https:\/\/pga.conversal.io\/fr\/wp-json\/wp\/v2\/pages\/5866\/revisions"}],"predecessor-version":[{"id":5867,"href":"https:\/\/pga.conversal.io\/fr\/wp-json\/wp\/v2\/pages\/5866\/revisions\/5867"}],"wp:attachment":[{"href":"https:\/\/pga.conversal.io\/fr\/wp-json\/wp\/v2\/media?parent=5866"}],"curies":[{"name":"wp","href":"https:\/\/api.w.org\/{rel}","templated":true}]}}