{"id":5871,"date":"2025-09-01T17:02:50","date_gmt":"2025-09-01T15:02:50","guid":{"rendered":"https:\/\/pga.conversal.io\/contact\/"},"modified":"2026-04-03T08:55:13","modified_gmt":"2026-04-03T06:55:13","slug":"contact","status":"publish","type":"page","link":"https:\/\/pga.conversal.io\/fr\/contact\/","title":{"rendered":"Contact"},"content":{"rendered":"\n<div class=\"wp-block-group contactSec has-global-padding is-layout-constrained wp-block-group-is-layout-constrained\" style=\"padding-top:var(--wp--preset--spacing--80-40);padding-bottom:var(--wp--preset--spacing--60-30)\">\n<div class=\"wp-block-columns contactRow is-layout-flex wp-container-core-columns-is-layout-a39fd349 wp-block-columns-is-layout-flex\">\n<div class=\"wp-block-column contactTextCol is-layout-flow wp-block-column-is-layout-flow\" style=\"flex-basis:38.88%\">\n<div class=\"wp-block-group is-layout-flow wp-block-group-is-layout-flow\"><nav aria-label=\"breadcrumbs\" class=\"rank-math-breadcrumb\"><p><span class=\"last\">Accueil<\/span><\/p><\/nav>\n\n\n<h1 class=\"wp-block-heading has-heading-one-font-size\">Contact<\/h1>\n\n\n\n<p>Qu&rsquo;il s&rsquo;agisse de rafra\u00eechir votre espace de bureau ou de r\u00e9am\u00e9nager compl\u00e8tement votre lieu de travail, nous sommes pr\u00eats \u00e0 vous aider. Nous pouvons vous rencontrer en vos locaux pour un entretien personnalis\u00e9, ou dans l&rsquo;un de nos \u00e9l\u00e9gants Concept Places \u00e0 Alost et Knokke. Si vous pr\u00e9f\u00e9rez le num\u00e9rique, nous pouvons \u00e9galement \u00e9changer des id\u00e9es par ce biais. Laissez-nous r\u00e9pondre \u00e0 vos questions et \u00e9tablir un devis sur mesure. Travaillons ensemble pour cr\u00e9er votre espace de travail parfait!    <\/p>\n<\/div>\n\n\n\n<div class=\"wp-block-group contacWrap is-layout-flow wp-block-group-is-layout-flow\" style=\"padding-top:var(--wp--preset--spacing--64-32)\">\n<h4 class=\"wp-block-heading has-heading-six-font-size\">Coordonn\u00e9es<\/h4>\n\n\n\n<p>Contactez-nous via le formulaire de contact ou par :<\/p>\n\n\n\n<ul class=\"wp-block-list contactInfo\">\n<li class=\"mail has-black-color has-text-color has-link-color wp-elements-e43d29788bf14b6d05c3d594a999e83e\"><a href=\"mailto:info@buroproject.be\">info@buroproject.be<\/a><\/li>\n\n\n\n<li class=\"tell has-black-color has-text-color has-link-color wp-elements-5776ed2a615ff8ec63f59f39f24bbfa1\"><a href=\"tel:+32053605646\">+32 (0)53 605 646<\/a><\/li>\n<\/ul>\n<\/div>\n\n\n\n<div class=\"wp-block-group contacDes is-layout-flow wp-block-group-is-layout-flow\" style=\"padding-top:var(--wp--preset--spacing--64-32)\">\n<h4 class=\"wp-block-heading has-heading-six-font-size\">Bienvenue sur rendez-vous<\/h4>\n\n\n\n<p>Notre si\u00e8ge social se trouve \u00e0 Alost, mais nous serons ravis de vous accueillir \u00e9galement dans notre Concept Place \u00e0 Knokke.<\/p>\n\n\n\n<p>Nous travaillons uniquement sur rendez-vous, afin de pouvoir vous recevoir au mieux.<\/p>\n\n\n\n<div class=\"wp-block-buttons is-layout-flex wp-block-buttons-is-layout-flex\">\n<div class=\"wp-block-button is-style-arrow is-style-arrow--1\"><a class=\"wp-block-button__link has-novecento-wide-font-family wp-element-button\" href=\"https:\/\/pga.conversal.io\/fr\/concept-place\/\" style=\"font-style:normal;font-weight:400\">D\u00e9couvrez nos Concept Places<\/a><\/div>\n<\/div>\n<\/div>\n<\/div>\n\n\n\n<div class=\"wp-block-column contactFormCol is-layout-flow wp-block-column-is-layout-flow\" style=\"flex-basis:61.11%\">\n<div class=\"wp-block-group contactFormColInnr has-smalt-blue-color has-text-color has-background has-link-color wp-elements-8a97776349f53fa5a95afc8c270209d0 is-layout-flow wp-block-group-is-layout-flow\" style=\"background-color:#d2d9db;padding-top:var(--wp--preset--spacing--64-32);padding-right:var(--wp--preset--spacing--64-32);padding-bottom:var(--wp--preset--spacing--64-32);padding-left:var(--wp--preset--spacing--64-32)\">\n<h2 class=\"wp-block-heading has-heading-two-font-size\">Vous avez une question ou vous souhaitez nous rencontrer ? <\/h2>\n\n\n\n<p>Laissez vos coordonn\u00e9es ci-dessous et nous vous contacterons end\u00e9ans les 2 jours ouvrables.<\/p>\n\n\n\n<div class=\"wp-block-group contactFormWrap is-layout-flow wp-block-group-is-layout-flow\" style=\"padding-top:var(--wp--preset--spacing--40-24)\"><div class=\"wpforms-container wpforms-block wpforms-block-ac522faa-0648-4e58-a0de-263ec06e462f wpforms-render-modern\" id=\"wpforms-10\"><form id=\"wpforms-form-10\" class=\"wpforms-validate wpforms-form\" data-formid=\"10\" method=\"post\" enctype=\"multipart\/form-data\" action=\"\/fr\/wp-json\/wp\/v2\/pages\/5871\" data-token=\"2c44303cba52ab59cd520b3e0d1570fe\" data-token-time=\"1775421428\"><noscript class=\"wpforms-error-noscript\">Veuillez activer JavaScript dans votre navigateur pour remplir ce formulaire.<\/noscript><div id=\"wpforms-error-noscript\" style=\"display: none;\">Veuillez activer JavaScript dans votre navigateur pour remplir ce formulaire.<\/div><div class=\"wpforms-field-container\"><div id=\"wpforms-10-field_18-container\" class=\"wpforms-field wpforms-field-text field50\" data-field-id=\"18\"><label class=\"wpforms-field-label\" for=\"wpforms-10-field_18\">Pr\u00e9nom * <span class=\"wpforms-required-label\" aria-hidden=\"true\">*<\/span><\/label><input type=\"text\" id=\"wpforms-10-field_18\" class=\"wpforms-field-large wpforms-field-required\" name=\"wpforms[fields][18]\" aria-errormessage=\"wpforms-10-field_18-error\" required><\/div><div id=\"wpforms-10-field_19-container\" class=\"wpforms-field wpforms-field-text field50\" data-field-id=\"19\"><label class=\"wpforms-field-label\" for=\"wpforms-10-field_19\">Nom * <span class=\"wpforms-required-label\" aria-hidden=\"true\">*<\/span><\/label><input type=\"text\" id=\"wpforms-10-field_19\" class=\"wpforms-field-large wpforms-field-required\" name=\"wpforms[fields][19]\" aria-errormessage=\"wpforms-10-field_19-error\" required><\/div><div id=\"wpforms-10-field_4-container\" class=\"wpforms-field wpforms-field-email field50\" data-field-id=\"4\"><label class=\"wpforms-field-label\" for=\"wpforms-10-field_4\">Adresse e-mail * <span class=\"wpforms-required-label\" aria-hidden=\"true\">*<\/span><\/label><input type=\"email\" id=\"wpforms-10-field_4\" class=\"wpforms-field-large wpforms-field-required\" name=\"wpforms[fields][4]\" spellcheck=\"false\" aria-errormessage=\"wpforms-10-field_4-error\" required><\/div><div id=\"wpforms-10-field_3-container\" class=\"wpforms-field wpforms-field-phone field50\" data-field-id=\"3\"><label class=\"wpforms-field-label\" for=\"wpforms-10-field_3\">T\u00e9l\u00e9phone * <span class=\"wpforms-required-label\" aria-hidden=\"true\">*<\/span><\/label><input type=\"tel\" id=\"wpforms-10-field_3\" class=\"wpforms-field-large wpforms-field-required\" data-rule-int-phone-field=\"true\" name=\"wpforms[fields][3]\" aria-label=\"T\u00e9l\u00e9phone *\" aria-errormessage=\"wpforms-10-field_3-error\" required><\/div><div id=\"wpforms-10-field_20-container\" class=\"wpforms-field wpforms-field-text field50\" data-field-id=\"20\"><label class=\"wpforms-field-label\" for=\"wpforms-10-field_20\">Nom de l&#039;entreprise<\/label><input type=\"text\" id=\"wpforms-10-field_20\" class=\"wpforms-field-large\" name=\"wpforms[fields][20]\" aria-errormessage=\"wpforms-10-field_20-error\" ><\/div><div id=\"wpforms-10-field_21-container\" class=\"wpforms-field wpforms-field-text field50\" data-field-id=\"21\"><label class=\"wpforms-field-label\" for=\"wpforms-10-field_21\">Lieu de l&#039;entreprise<\/label><input type=\"text\" id=\"wpforms-10-field_21\" class=\"wpforms-field-large\" name=\"wpforms[fields][21]\" aria-errormessage=\"wpforms-10-field_21-error\" ><\/div><div id=\"wpforms-10-field_8-container\" class=\"wpforms-field wpforms-field-checkbox wpforms-list-inline\" data-field-id=\"8\"><fieldset><legend class=\"wpforms-field-label\">Type de projet <span class=\"wpforms-required-label\" aria-hidden=\"true\">*<\/span><\/legend><ul id=\"wpforms-10-field_8\" class=\"wpforms-field-required\"><li class=\"choice-1 depth-1\"><input type=\"checkbox\" id=\"wpforms-10-field_8_1\" name=\"wpforms[fields][8][]\" value=\"Am\u00e9nagement total\" aria-errormessage=\"wpforms-10-field_8_1-error\" required ><label class=\"wpforms-field-label-inline\" for=\"wpforms-10-field_8_1\">Am\u00e9nagement total<\/label><\/li><li class=\"choice-2 depth-1\"><input type=\"checkbox\" id=\"wpforms-10-field_8_2\" name=\"wpforms[fields][8][]\" value=\"Mobilier de bureau\" aria-errormessage=\"wpforms-10-field_8_2-error\" required ><label class=\"wpforms-field-label-inline\" for=\"wpforms-10-field_8_2\">Mobilier de bureau<\/label><\/li><li class=\"choice-3 depth-1\"><input type=\"checkbox\" id=\"wpforms-10-field_8_3\" name=\"wpforms[fields][8][]\" value=\"Autre\" aria-errormessage=\"wpforms-10-field_8_3-error\" required ><label class=\"wpforms-field-label-inline\" for=\"wpforms-10-field_8_3\">Autre<\/label><\/li><\/ul><\/fieldset><\/div><div id=\"wpforms-10-field_22-container\" class=\"wpforms-field wpforms-field-text\" data-field-id=\"22\"><label class=\"wpforms-field-label\" for=\"wpforms-10-field_22\">Votre message<\/label><input type=\"text\" id=\"wpforms-10-field_22\" class=\"wpforms-field-large\" name=\"wpforms[fields][22]\" aria-errormessage=\"wpforms-10-field_22-error\" ><\/div><div id=\"wpforms-10-field_33-container\" class=\"wpforms-field wpforms-field-layout\" data-field-id=\"33\"><h3 class=\"wpforms-field-label\">\n\t\t\t\tDonnez-nous plus d&#039;informations sur votre projet\n\t\t\t<\/h3><div class=\"wpforms-field-layout-rows wpforms-field-large\"><div class=\"wpforms-layout-row\"><div class=\"wpforms-layout-column wpforms-layout-column-50\"><div id=\"wpforms-10-field_23-container\" class=\"wpforms-field wpforms-field-text\" data-field-id=\"23\"><label class=\"wpforms-field-label\" for=\"wpforms-10-field_23\">Quand la livraison est-elle pr\u00e9vue&nbsp;?<\/label><input type=\"text\" id=\"wpforms-10-field_23\" class=\"wpforms-field-large\" name=\"wpforms[fields][23]\" aria-errormessage=\"wpforms-10-field_23-error\" ><\/div><\/div><div class=\"wpforms-layout-column wpforms-layout-column-50\"><div id=\"wpforms-10-field_24-container\" class=\"wpforms-field wpforms-field-text\" data-field-id=\"24\"><label class=\"wpforms-field-label\" for=\"wpforms-10-field_24\">Y a-t-il un budget pr\u00e9cis&nbsp;?<\/label><input type=\"text\" id=\"wpforms-10-field_24\" class=\"wpforms-field-large\" name=\"wpforms[fields][24]\" aria-errormessage=\"wpforms-10-field_24-error\" ><\/div><\/div><\/div><\/div><\/div><div id=\"wpforms-10-field_11-container\" class=\"wpforms-field wpforms-field-checkbox\" data-field-id=\"11\"><fieldset><legend class=\"wpforms-field-label\">Comment pouvons-nous le mieux vous aider&nbsp;?<\/legend><ul id=\"wpforms-10-field_11\"><li class=\"choice-1 depth-1\"><input type=\"checkbox\" id=\"wpforms-10-field_11_1\" name=\"wpforms[fields][11][]\" value=\"Contactez-moi par e-mail\" aria-errormessage=\"wpforms-10-field_11_1-error\"  ><label class=\"wpforms-field-label-inline\" for=\"wpforms-10-field_11_1\">Contactez-moi par e-mail<\/label><\/li><li class=\"choice-2 depth-1\"><input type=\"checkbox\" id=\"wpforms-10-field_11_2\" name=\"wpforms[fields][11][]\" value=\"Contactez-moi par t\u00e9l\u00e9phone\" aria-errormessage=\"wpforms-10-field_11_2-error\"  ><label class=\"wpforms-field-label-inline\" for=\"wpforms-10-field_11_2\">Contactez-moi par t\u00e9l\u00e9phone<\/label><\/li><li class=\"choice-3 depth-1\"><input type=\"checkbox\" id=\"wpforms-10-field_11_3\" name=\"wpforms[fields][11][]\" value=\"Visite gratuite sur place\" aria-errormessage=\"wpforms-10-field_11_3-error\"  ><label class=\"wpforms-field-label-inline\" for=\"wpforms-10-field_11_3\">Visite gratuite sur place<\/label><\/li><li class=\"choice-4 depth-1\"><input type=\"checkbox\" id=\"wpforms-10-field_11_4\" name=\"wpforms[fields][11][]\" value=\"Visite gratuite d&#039;un Concept Place\" aria-errormessage=\"wpforms-10-field_11_4-error\"  ><label class=\"wpforms-field-label-inline\" for=\"wpforms-10-field_11_4\">Visite gratuite d&rsquo;un Concept Place<\/label><\/li><\/ul><\/fieldset><\/div><div id=\"wpforms-10-field_25-container\" class=\"wpforms-field wpforms-field-text\" data-field-id=\"25\"><label class=\"wpforms-field-label\" for=\"wpforms-10-field_25\">Quand pouvons-nous vous joindre&nbsp;?<\/label><input type=\"text\" id=\"wpforms-10-field_25\" class=\"wpforms-field-large\" name=\"wpforms[fields][25]\" aria-errormessage=\"wpforms-10-field_25-error\" ><\/div><div id=\"wpforms-10-field_29-container\" class=\"wpforms-field wpforms-field-repeater wpforms-field-repeater-display-rows\" data-rows-min=\"1\" data-rows-max=\"10\" data-clone-num=\"2\" data-field-id=\"29\"><input type=\"hidden\" class=\"wpforms-field-repeater-clone-list\" name=\"wpforms[fields][29][clone_list]\" value=\"[]\"><script type=\"text\/html\" class=\"tmpl-wpforms-field-repeater-template-29-10\"><div id=\"wpforms-10-repeater-field_29-clone_{CLONE}\" class=\"wpforms-field-repeater-clone-wrap\" data-clone=\"{CLONE}\">\n\t\t\t\t<div class=\"wpforms-field-layout-rows wpforms-field-large wpforms-field-repeater-display-rows wpforms-field-repeater-preset-100\"><div class=\"wpforms-layout-row\"><div class=\"wpforms-layout-column wpforms-layout-column-100\"><div id=\"wpforms-10-field_28_{CLONE}-container\" class=\"wpforms-field wpforms-field-date-time\" data-field-id=\"28_{CLONE}\"><fieldset><legend class=\"wpforms-field-label\">Horaires possibles<\/legend><div class=\"wpforms-field-row wpforms-field-large\"><div class=\"wpforms-field-row-block wpforms-date-type-datepicker\"><div class=\"wpforms-datepicker-wrap\"><input type=\"text\" id=\"wpforms-10-field_28_{CLONE}\" class=\"wpforms-field-date-time-date wpforms-datepicker\" data-date-format=\"d\/m\/Y\" data-disable-past-dates=\"1\" data-disable-todays-date=\"1\" data-input=\"true\" name=\"wpforms[fields][28_{CLONE}][date]\" placeholder=\"Date\" aria-errormessage=\"wpforms-10-field_28_{CLONE}-error\" ><a title=\"Clear Date\" data-clear role=\"button\" tabindex=\"0\" class=\"wpforms-datepicker-clear\" aria-label=\"Clear Date\" style=\"display:none;\"><\/a><\/div><label for=\"wpforms-10-field_28_{CLONE}\" class=\"wpforms-field-sublabel after wpforms-sublabel-hide\">Date<\/label><\/div><div class=\"wpforms-field-row-block\"><input type=\"text\" id=\"wpforms-10-field_28_{CLONE}-time\" class=\"wpforms-field-date-time-time wpforms-timepicker\" data-time-format=\"H:i\" data-step=\"15\" data-rule-time24h=\"true\" data-min-time=\"08:00\" data-max-time=\"17:00\" data-rule-time-limit=\"true\" name=\"wpforms[fields][28_{CLONE}][time]\" placeholder=\"Heure\" aria-errormessage=\"wpforms-10-field_28_{CLONE}-time-error\" ><label for=\"wpforms-10-field_28_{CLONE}-time\" class=\"wpforms-field-sublabel after wpforms-sublabel-hide\">Heure<\/label><\/div><\/div><\/fieldset><\/div><\/div><div class=\"wpforms-field-repeater-display-rows-buttons\">\n\t\t\t\t<button type=\"button\" class=\"wpforms-field-repeater-button-add\" title=\"Add\">\n\t\t\t\t\t<svg width=\"16\" height=\"17\" fill=\"none\" xmlns=\"http:\/\/www.w3.org\/2000\/svg\"><path d=\"M12.129 7.984v1.032a.392.392 0 0 1-.387.387H8.903v2.839a.392.392 0 0 1-.387.387H7.484a.373.373 0 0 1-.387-.387V9.403H4.258a.373.373 0 0 1-.387-.387V7.984c0-.194.161-.387.387-.387h2.839V4.758c0-.193.161-.387.387-.387h1.032c.194 0 .387.194.387.387v2.839h2.839c.193 0 .387.193.387.387ZM16 8.5c0 4.42-3.58 8-8 8s-8-3.58-8-8 3.58-8 8-8 8 3.58 8 8Zm-1.548 0c0-3.548-2.904-6.452-6.452-6.452A6.45 6.45 0 0 0 1.548 8.5 6.43 6.43 0 0 0 8 14.952 6.45 6.45 0 0 0 14.452 8.5Z\" fill=\"currentColor\"\/><\/svg>\n\t\t\t\t<\/button>\n\t\t\t\t<button type=\"button\" class=\"wpforms-field-repeater-button-remove wpforms-disabled\" title=\"Remove\">\n\t\t\t\t\t<svg width=\"16\" height=\"17\" fill=\"none\" xmlns=\"http:\/\/www.w3.org\/2000\/svg\"><path d=\"M4.258 9.403a.373.373 0 0 1-.387-.387V7.984c0-.194.161-.387.387-.387h7.484c.193 0 .387.193.387.387v1.032a.392.392 0 0 1-.387.387H4.258ZM16 8.5c0 4.42-3.58 8-8 8s-8-3.58-8-8 3.58-8 8-8 8 3.58 8 8Zm-1.548 0c0-3.548-2.904-6.452-6.452-6.452A6.45 6.45 0 0 0 1.548 8.5 6.43 6.43 0 0 0 8 14.952 6.45 6.45 0 0 0 14.452 8.5Z\" fill=\"currentColor\"\/><\/svg>\n\t\t\t\t<\/button>\n\t\t\t<\/div><\/div><\/div>\n\t\t\t<\/div><\/script><div class=\"wpforms-field-layout-rows wpforms-field-large wpforms-field-repeater-display-rows wpforms-field-repeater-preset-100\"><div class=\"wpforms-layout-row\"><div class=\"wpforms-layout-column wpforms-layout-column-100\"><div id=\"wpforms-10-field_28-container\" class=\"wpforms-field wpforms-field-date-time\" data-field-id=\"28\"><fieldset><legend class=\"wpforms-field-label\">Horaires possibles<\/legend><div class=\"wpforms-field-row wpforms-field-large\"><div class=\"wpforms-field-row-block wpforms-date-type-datepicker\"><div class=\"wpforms-datepicker-wrap\"><input type=\"text\" id=\"wpforms-10-field_28\" class=\"wpforms-field-date-time-date wpforms-datepicker\" data-date-format=\"d\/m\/Y\" data-disable-past-dates=\"1\" data-disable-todays-date=\"1\" data-input=\"true\" name=\"wpforms[fields][28][date]\" placeholder=\"Date\" aria-errormessage=\"wpforms-10-field_28-error\" ><a title=\"Clear Date\" data-clear role=\"button\" tabindex=\"0\" class=\"wpforms-datepicker-clear\" aria-label=\"Clear Date\" style=\"display:none;\"><\/a><\/div><label for=\"wpforms-10-field_28\" class=\"wpforms-field-sublabel after wpforms-sublabel-hide\">Date<\/label><\/div><div class=\"wpforms-field-row-block\"><input type=\"text\" id=\"wpforms-10-field_28-time\" class=\"wpforms-field-date-time-time wpforms-timepicker\" data-time-format=\"H:i\" data-step=\"15\" data-rule-time24h=\"true\" data-min-time=\"08:00\" data-max-time=\"17:00\" data-rule-time-limit=\"true\" name=\"wpforms[fields][28][time]\" placeholder=\"Heure\" aria-errormessage=\"wpforms-10-field_28-time-error\" ><label for=\"wpforms-10-field_28-time\" class=\"wpforms-field-sublabel after wpforms-sublabel-hide\">Heure<\/label><\/div><\/div><\/fieldset><\/div><\/div><div class=\"wpforms-field-repeater-display-rows-buttons\">\n\t\t\t\t<button type=\"button\" class=\"wpforms-field-repeater-button-add\" title=\"Add\">\n\t\t\t\t\t<svg width=\"16\" height=\"17\" fill=\"none\" xmlns=\"http:\/\/www.w3.org\/2000\/svg\"><path d=\"M12.129 7.984v1.032a.392.392 0 0 1-.387.387H8.903v2.839a.392.392 0 0 1-.387.387H7.484a.373.373 0 0 1-.387-.387V9.403H4.258a.373.373 0 0 1-.387-.387V7.984c0-.194.161-.387.387-.387h2.839V4.758c0-.193.161-.387.387-.387h1.032c.194 0 .387.194.387.387v2.839h2.839c.193 0 .387.193.387.387ZM16 8.5c0 4.42-3.58 8-8 8s-8-3.58-8-8 3.58-8 8-8 8 3.58 8 8Zm-1.548 0c0-3.548-2.904-6.452-6.452-6.452A6.45 6.45 0 0 0 1.548 8.5 6.43 6.43 0 0 0 8 14.952 6.45 6.45 0 0 0 14.452 8.5Z\" fill=\"currentColor\"\/><\/svg>\n\t\t\t\t<\/button>\n\t\t\t\t<button type=\"button\" class=\"wpforms-field-repeater-button-remove wpforms-disabled\" title=\"Remove\">\n\t\t\t\t\t<svg width=\"16\" height=\"17\" fill=\"none\" xmlns=\"http:\/\/www.w3.org\/2000\/svg\"><path d=\"M4.258 9.403a.373.373 0 0 1-.387-.387V7.984c0-.194.161-.387.387-.387h7.484c.193 0 .387.193.387.387v1.032a.392.392 0 0 1-.387.387H4.258ZM16 8.5c0 4.42-3.58 8-8 8s-8-3.58-8-8 3.58-8 8-8 8 3.58 8 8Zm-1.548 0c0-3.548-2.904-6.452-6.452-6.452A6.45 6.45 0 0 0 1.548 8.5 6.43 6.43 0 0 0 8 14.952 6.45 6.45 0 0 0 14.452 8.5Z\" fill=\"currentColor\"\/><\/svg>\n\t\t\t\t<\/button>\n\t\t\t<\/div><\/div><\/div><\/div><div id=\"wpforms-10-field_30-container\" class=\"wpforms-field wpforms-field-gdpr-checkbox\" data-field-id=\"30\"><label class=\"wpforms-field-label wpforms-label-hide\" aria-hidden=\"false\">RGPD <span class=\"wpforms-required-label\" aria-hidden=\"true\">*<\/span><\/label><ul id=\"wpforms-10-field_30\" class=\"wpforms-field-required\"><li class=\"choice-1\"><input type=\"checkbox\" id=\"wpforms-10-field_30_1\" name=\"wpforms[fields][30][]\" value=\"J&#039;accepte la &lt;a href=&quot;https:\/\/buroproject.conversal.io\/fr\/politique-de-confidentialite\/&quot;&gt;politique de confidentialit\u00e9&lt;\/a&gt; et les conditions g\u00e9n\u00e9rales.\" aria-errormessage=\"wpforms-10-field_30_1-error\" required ><label class=\"wpforms-field-label-inline\" for=\"wpforms-10-field_30_1\">J&rsquo;accepte la <a href=\"https:\/\/buroproject.conversal.io\/fr\/politique-de-confidentialite\/\" target=\"_blank\" rel=\"noopener\">politique de confidentialit\u00e9<\/a> et les conditions g\u00e9n\u00e9rales. <span class=\"wpforms-required-label\" aria-hidden=\"true\">*<\/span><\/label><\/li><\/ul><\/div><\/div><!-- .wpforms-field-container --><div class=\"wpforms-field wpforms-field-hp\"><label for=\"wpforms-10-field-hp\" class=\"wpforms-field-label\">Website<\/label><input type=\"text\" name=\"wpforms[hp]\" id=\"wpforms-10-field-hp\" class=\"wpforms-field-medium\"><\/div><div class=\"wpforms-recaptcha-container wpforms-is-recaptcha wpforms-is-recaptcha-type-v3\" ><input type=\"hidden\" name=\"wpforms[recaptcha]\" value=\"\"><\/div><div class=\"wpforms-submit-container\" ><input type=\"hidden\" name=\"wpforms[id]\" value=\"10\"><input type=\"hidden\" name=\"page_title\" value=\"\"><input type=\"hidden\" name=\"page_url\" value=\"https:\/\/pga.conversal.io\/fr\/wp-json\/wp\/v2\/pages\/5871\"><input type=\"hidden\" name=\"url_referer\" value=\"\"><button type=\"submit\" name=\"wpforms[submit]\" id=\"wpforms-submit-10\" class=\"wpforms-submit\" data-alt-text=\"Envoi...\" data-submit-text=\"Envoyer\" aria-live=\"assertive\" value=\"wpforms-submit\">Envoyer<\/button><\/div><\/form><\/div>  <!-- .wpforms-container --><\/div>\n<\/div>\n<\/div>\n<\/div>\n<\/div>\n\n<div class=\"wp-block-columns cpTwoGrdsSec is-layout-flex wp-container-core-columns-is-layout-5cac8182 wp-block-columns-is-layout-flex\" style=\"margin-top:0px;margin-bottom:0px;padding-top:var(--wp--preset--spacing--60-30);padding-bottom:var(--wp--preset--spacing--60-30)\">\n<div class=\"wp-block-column has-global-padding is-layout-constrained wp-block-column-is-layout-constrained\">\n<h2 class=\"wp-block-heading has-heading-two-font-size\">Souhaitez-vous planifier une visite<br\/>dans l&rsquo;un de nos Concept Places ?<\/h2>\n\n\n\n<div class=\"wp-block-columns cpTwoGrdsRow is-layout-flex wp-container-core-columns-is-layout-4b6b06a7 wp-block-columns-is-layout-flex\" style=\"margin-top:var(--wp--preset--spacing--48-32)\">\n<div class=\"wp-block-column cpTwoGrdItem is-layout-flow wp-block-column-is-layout-flow\">\n<div class=\"wp-block-group cpTwoGrdItemInnr is-layout-flow wp-block-group-is-layout-flow\">\n<figure class=\"wp-block-image size-full\"><img decoding=\"async\" width=\"700\" height=\"400\" src=\"https:\/\/pga.conversal.io\/wp-content\/uploads\/2025\/09\/concept-place-img-01.png\" alt=\"\" class=\"wp-image-658\" srcset=\"https:\/\/pga.conversal.io\/wp-content\/uploads\/2025\/09\/concept-place-img-01.png 700w, https:\/\/pga.conversal.io\/wp-content\/uploads\/2025\/09\/concept-place-img-01-300x171.png 300w\" sizes=\"(max-width: 700px) 100vw, 700px\" \/><\/figure>\n\n\n\n<div class=\"wp-block-group cpTwoGrdItemDes is-layout-flow wp-block-group-is-layout-flow\" style=\"margin-top:0px;margin-bottom:0px;padding-top:var(--wp--preset--spacing--48-32);padding-right:var(--wp--preset--spacing--48-32);padding-bottom:var(--wp--preset--spacing--48-32);padding-left:var(--wp--preset--spacing--48-32)\">\n<h5 class=\"wp-block-heading has-heading-five-font-size\">Concept Place Alost<\/h5>\n\n\n\n<div class=\"wp-block-buttons is-layout-flex wp-block-buttons-is-layout-flex\" style=\"margin-top:var(--wp--preset--spacing--16)\">\n<div class=\"wp-block-button is-style-arrow is-style-arrow--2\"><a class=\"wp-block-button__link wp-element-button\" href=\"https:\/\/pga.conversal.io\/fr\/concept-place\/concept-place-alost\/\">En savoir plus<\/a><\/div>\n<\/div>\n<\/div>\n<\/div>\n<\/div>\n\n\n\n<div class=\"wp-block-column cpTwoGrdItem is-layout-flow wp-block-column-is-layout-flow\">\n<div class=\"wp-block-group cpTwoGrdItemInnr is-layout-flow wp-block-group-is-layout-flow\">\n<figure class=\"wp-block-image size-full\"><img decoding=\"async\" width=\"699\" height=\"400\" src=\"https:\/\/pga.conversal.io\/wp-content\/uploads\/2025\/09\/concept-place-img-02.png\" alt=\"\" class=\"wp-image-665\" srcset=\"https:\/\/pga.conversal.io\/wp-content\/uploads\/2025\/09\/concept-place-img-02.png 699w, https:\/\/pga.conversal.io\/wp-content\/uploads\/2025\/09\/concept-place-img-02-300x172.png 300w\" sizes=\"(max-width: 699px) 100vw, 699px\" \/><\/figure>\n\n\n\n<div class=\"wp-block-group cpTwoGrdItemDes is-layout-flow wp-block-group-is-layout-flow\" style=\"margin-top:0px;margin-bottom:0px;padding-top:var(--wp--preset--spacing--48-32);padding-right:var(--wp--preset--spacing--48-32);padding-bottom:var(--wp--preset--spacing--48-32);padding-left:var(--wp--preset--spacing--48-32)\">\n<h5 class=\"wp-block-heading has-heading-five-font-size\">Concept Place Knokke<\/h5>\n\n\n\n<div class=\"wp-block-buttons is-layout-flex wp-block-buttons-is-layout-flex\" style=\"margin-top:var(--wp--preset--spacing--16)\">\n<div class=\"wp-block-button is-style-arrow is-style-arrow--3\"><a class=\"wp-block-button__link wp-element-button\" href=\"https:\/\/pga.conversal.io\/fr\/concept-place\/concept-place-knokke\/\">En savoir plus<\/a><\/div>\n<\/div>\n<\/div>\n<\/div>\n<\/div>\n<\/div>\n<\/div>\n<\/div>\n\n<p><\/p>\n","protected":false},"excerpt":{"rendered":"<p>Contact Qu&rsquo;il s&rsquo;agisse de rafra\u00eechir votre espace de bureau ou de r\u00e9am\u00e9nager compl\u00e8tement votre lieu de travail, nous sommes pr\u00eats \u00e0 vous aider. Nous pouvons vous rencontrer en vos locaux pour un entretien personnalis\u00e9, ou dans l&rsquo;un de nos \u00e9l\u00e9gants Concept Places \u00e0 Alost et Knokke. Si vous pr\u00e9f\u00e9rez le num\u00e9rique, nous pouvons \u00e9galement \u00e9changer [&hellip;]<\/p>\n","protected":false},"author":1,"featured_media":0,"parent":0,"menu_order":231,"comment_status":"closed","ping_status":"closed","template":"page-innerpage.php","meta":{"_acf_changed":false,"inline_featured_image":false,"footnotes":""},"class_list":["post-5871","page","type-page","status-publish","hentry"],"acf":[],"mb":[],"mfb_rest_fields":["title"],"_links":{"self":[{"href":"https:\/\/pga.conversal.io\/fr\/wp-json\/wp\/v2\/pages\/5871","targetHints":{"allow":["GET"]}}],"collection":[{"href":"https:\/\/pga.conversal.io\/fr\/wp-json\/wp\/v2\/pages"}],"about":[{"href":"https:\/\/pga.conversal.io\/fr\/wp-json\/wp\/v2\/types\/page"}],"author":[{"embeddable":true,"href":"https:\/\/pga.conversal.io\/fr\/wp-json\/wp\/v2\/users\/1"}],"replies":[{"embeddable":true,"href":"https:\/\/pga.conversal.io\/fr\/wp-json\/wp\/v2\/comments?post=5871"}],"version-history":[{"count":11,"href":"https:\/\/pga.conversal.io\/fr\/wp-json\/wp\/v2\/pages\/5871\/revisions"}],"predecessor-version":[{"id":11391,"href":"https:\/\/pga.conversal.io\/fr\/wp-json\/wp\/v2\/pages\/5871\/revisions\/11391"}],"wp:attachment":[{"href":"https:\/\/pga.conversal.io\/fr\/wp-json\/wp\/v2\/media?parent=5871"}],"curies":[{"name":"wp","href":"https:\/\/api.w.org\/{rel}","templated":true}]}}