{"id":5873,"date":"2025-10-20T10:42:34","date_gmt":"2025-10-20T08:42:34","guid":{"rendered":"https:\/\/pga.conversal.io\/candidature-spontanee\/"},"modified":"2025-12-16T14:36:31","modified_gmt":"2025-12-16T13:36:31","slug":"candidature-spontanee","status":"publish","type":"page","link":"https:\/\/pga.conversal.io\/fr\/offres-demploi\/candidature-spontanee\/","title":{"rendered":"Candidature spontan\u00e9e"},"content":{"rendered":"\n<div class=\"wp-block-columns pageIntro is-layout-flex wp-container-core-columns-is-layout-116d3740 wp-block-columns-is-layout-flex\" style=\"margin-top:0;margin-bottom:0;padding-bottom:var(--wp--preset--spacing--40-24)\">\n<div class=\"wp-block-column has-global-padding is-layout-constrained wp-block-column-is-layout-constrained\">\n<div class=\"wp-block-group is-layout-flow wp-container-core-group-is-layout-a77db08e wp-block-group-is-layout-flow\"><nav aria-label=\"breadcrumbs\" class=\"rank-math-breadcrumb\"><p><span class=\"last\">Accueil<\/span><\/p><\/nav>\n\n\n<div class=\"wp-block-group is-layout-flow wp-block-group-is-layout-flow\" style=\"margin-top:0;margin-bottom:0;padding-top:var(--wp--preset--spacing--24-18);padding-bottom:var(--wp--preset--spacing--40-20)\"><h1 class=\"wp-block-post-title has-heading-one-font-size\">Candidature spontan\u00e9e<\/h1><\/div>\n<\/div>\n<\/div>\n<\/div>\n\n<div class=\"wp-block-columns is-layout-flex wp-container-core-columns-is-layout-962a2dfa wp-block-columns-is-layout-flex\" style=\"padding-top:var(--wp--preset--spacing--60-30);padding-bottom:var(--wp--preset--spacing--60-30)\">\n<div class=\"wp-block-column is-layout-flow wp-block-column-is-layout-flow\">\n<div class=\"wp-block-group has-global-padding is-layout-constrained wp-block-group-is-layout-constrained\">\n<div class=\"wp-block-group is-layout-flow wp-block-group-is-layout-flow\">\n<figure class=\"wp-block-image size-large\"><img decoding=\"async\" width=\"720\" height=\"720\" src=\"https:\/\/pga.conversal.io\/wp-content\/uploads\/2025\/10\/Buro-Project-Argenta-15-edited-2.jpg\" alt=\"\" class=\"wp-image-5221\" srcset=\"https:\/\/pga.conversal.io\/wp-content\/uploads\/2025\/10\/Buro-Project-Argenta-15-edited-2.jpg 720w, https:\/\/pga.conversal.io\/wp-content\/uploads\/2025\/10\/Buro-Project-Argenta-15-edited-2-300x300.jpg 300w, https:\/\/pga.conversal.io\/wp-content\/uploads\/2025\/10\/Buro-Project-Argenta-15-edited-2-150x150.jpg 150w\" sizes=\"(max-width: 720px) 100vw, 720px\" \/><\/figure>\n<\/div>\n<\/div>\n<\/div>\n\n\n\n<div class=\"wp-block-column is-vertically-aligned-center is-layout-flow wp-block-column-is-layout-flow\">\n<h2 class=\"wp-block-heading\">Int\u00e9ress\u00e9(e) ?<\/h2>\n\n\n\n<p>Do you have what it takes ? Chez Buro Project, nous sommes toujours \u00e0 la recherche de talents cr\u00e9atifs et commerciaux. Impressionnez-nous avec vos comp\u00e9tences ou votre personnalit\u00e9 p\u00e9tillante. Peut-\u00eatre ferez-vous bient\u00f4t partie de l&rsquo;\u00e9quipe de r\u00eave de Buro Project.   <\/p>\n\n\n\n<h6 class=\"wp-block-heading\">Que pouvez-vous attendre de Buro Project ? <\/h6>\n\n\n\n<ul class=\"wp-block-list\">\n<li> Contrat \u00e0 dur\u00e9e ind\u00e9termin\u00e9e<\/li>\n\n\n\n<li> Salaire attractif<\/li>\n\n\n\n<li> Un ensemble d&rsquo;avantages int\u00e9ressants au sein d&rsquo;une \u00e9quipe enthousiaste de 30 coll\u00e8gues <\/li>\n\n\n\n<li> Vous travaillerez dans un environnement de travail de premier ordre o\u00f9 vous viendrez travailler avec le sourire et pourrez utiliser les derni\u00e8res innovations en mati\u00e8re d&rsquo;am\u00e9nagement de bureaux<\/li>\n<\/ul>\n\n\n\n<div class=\"wp-block-buttons is-layout-flex wp-block-buttons-is-layout-flex\">\n<div class=\"wp-block-button is-style-sage is-style-sage--1\"><a class=\"wp-block-button__link wp-element-button\" href=\"#contact\">Remplissez vos coordonn\u00e9es et venez prendre un caf\u00e9<\/a><\/div>\n<\/div>\n<\/div>\n<\/div>\n\n<div class=\"wp-block-columns alignfull has-storm-dust-hover-color has-sage-2-background-color has-text-color has-background has-link-color wp-elements-a5572fda9eb6b340303623c36c62e6d8 is-layout-flex wp-container-core-columns-is-layout-242736b9 wp-block-columns-is-layout-flex\" id=\"contact\" style=\"padding-top:var(--wp--preset--spacing--120-60);padding-right:var(--wp--preset--spacing--60-30);padding-bottom:var(--wp--preset--spacing--120-60);padding-left:var(--wp--preset--spacing--60-30)\">\n<div class=\"wp-block-column has-global-padding is-layout-constrained wp-container-core-column-is-layout-268b7d10 wp-block-column-is-layout-constrained\" style=\"padding-right:var(--wp--preset--spacing--80-40);padding-left:var(--wp--preset--spacing--80-40)\">\n<div class=\"wp-block-group has-global-padding is-layout-constrained wp-block-group-is-layout-constrained\">\n<h2 class=\"wp-block-heading\">Je suis partant(e)<\/h2>\n\n\n\n<div style=\"height:60px\" aria-hidden=\"true\" class=\"wp-block-spacer\"><\/div>\n\n\n<div class=\"wpforms-container wpforms-block wpforms-block-a20db2e5-66da-40a2-87fb-61ff0a2e5b3d wpforms-render-modern\" id=\"wpforms-5201\"><form id=\"wpforms-form-5201\" class=\"wpforms-validate wpforms-form\" data-formid=\"5201\" method=\"post\" enctype=\"multipart\/form-data\" action=\"\/fr\/wp-json\/wp\/v2\/pages\/5873?wpforms_form_id=5201\" data-token=\"bd83ab9d76dc9b8448dce6baf0cff856\" data-token-time=\"1775428672\"><noscript class=\"wpforms-error-noscript\">Veuillez activer JavaScript dans votre navigateur pour remplir ce formulaire.<\/noscript><div id=\"wpforms-error-noscript\" style=\"display: none;\">Veuillez activer JavaScript dans votre navigateur pour remplir ce formulaire.<\/div><div class=\"wpforms-field-container\"><div id=\"wpforms-5201-field_15-container\" class=\"wpforms-field wpforms-field-layout\" data-field-id=\"15\"><h3 class=\"wpforms-field-label\">\n\t\t\t\tSaisissez vos coordonn\u00e9es ici\n\t\t\t<\/h3><div class=\"wpforms-field-layout-rows wpforms-field-large\"><div class=\"wpforms-layout-row\"><div class=\"wpforms-layout-column wpforms-layout-column-50\"><div id=\"wpforms-5201-field_1-container\" class=\"wpforms-field wpforms-field-text field50\" data-field-id=\"1\"><label class=\"wpforms-field-label\" for=\"wpforms-5201-field_1\">Pr\u00e9nom * <span class=\"wpforms-required-label\" aria-hidden=\"true\">*<\/span><\/label><input type=\"text\" id=\"wpforms-5201-field_1\" class=\"wpforms-field-large wpforms-field-required\" name=\"wpforms[fields][1]\" aria-errormessage=\"wpforms-5201-field_1-error\" required><\/div><\/div><div class=\"wpforms-layout-column wpforms-layout-column-50\"><div id=\"wpforms-5201-field_2-container\" class=\"wpforms-field wpforms-field-text field50\" data-field-id=\"2\"><label class=\"wpforms-field-label\" for=\"wpforms-5201-field_2\">Nom * <span class=\"wpforms-required-label\" aria-hidden=\"true\">*<\/span><\/label><input type=\"text\" id=\"wpforms-5201-field_2\" class=\"wpforms-field-large wpforms-field-required\" name=\"wpforms[fields][2]\" aria-errormessage=\"wpforms-5201-field_2-error\" required><\/div><\/div><\/div><div class=\"wpforms-layout-row\"><div class=\"wpforms-layout-column wpforms-layout-column-50\"><div id=\"wpforms-5201-field_3-container\" class=\"wpforms-field wpforms-field-email field50\" data-field-id=\"3\"><label class=\"wpforms-field-label\" for=\"wpforms-5201-field_3\">Adresse e-mail * <span class=\"wpforms-required-label\" aria-hidden=\"true\">*<\/span><\/label><input type=\"email\" id=\"wpforms-5201-field_3\" class=\"wpforms-field-large wpforms-field-required\" name=\"wpforms[fields][3]\" spellcheck=\"false\" aria-errormessage=\"wpforms-5201-field_3-error\" required><\/div><\/div><div class=\"wpforms-layout-column wpforms-layout-column-50\"><div id=\"wpforms-5201-field_5-container\" class=\"wpforms-field wpforms-field-phone field50\" data-field-id=\"5\"><label class=\"wpforms-field-label\" for=\"wpforms-5201-field_5\">T\u00e9l\u00e9phone * <span class=\"wpforms-required-label\" aria-hidden=\"true\">*<\/span><\/label><input type=\"tel\" id=\"wpforms-5201-field_5\" class=\"wpforms-field-large wpforms-field-required\" data-rule-int-phone-field=\"true\" name=\"wpforms[fields][5]\" aria-label=\"T\u00e9l\u00e9phone *\" aria-errormessage=\"wpforms-5201-field_5-error\" required><\/div><\/div><\/div><\/div><\/div><div id=\"wpforms-5201-field_12-container\" class=\"wpforms-field wpforms-field-layout\" data-field-id=\"12\"><h3 class=\"wpforms-field-label\">\n\t\t\t\tT\u00e9l\u00e9chargez vos documents ici\n\t\t\t<\/h3><div class=\"wpforms-field-layout-rows wpforms-field-large\"><div class=\"wpforms-layout-row\"><div class=\"wpforms-layout-column wpforms-layout-column-50\"><div id=\"wpforms-5201-field_10-container\" class=\"wpforms-field wpforms-field-file-upload field50\" data-field-id=\"10\"><label class=\"wpforms-field-label\" for=\"wpforms-5201-field_10\">T\u00e9l\u00e9chargez votre CV ici <span class=\"wpforms-required-label\" aria-hidden=\"true\">*<\/span><\/label><div\n\t\tclass=\"wpforms-uploader wpforms-field-required\"\n\t\tdata-field-id=\"10\"\n\t\tdata-form-id=\"5201\"\n\t\tdata-input-name=\"wpforms_5201_10\"\n\t\tdata-extensions=\"pdf,doc,docx\"\n\t\tdata-max-size=\"268435456\"\n\t\tdata-max-file-number=\"1\"\n\t\tdata-post-max-size=\"268435456\"\n\t\tdata-max-parallel-uploads=\"4\"\n\t\tdata-parallel-uploads=\"true\"\n\t\tdata-file-chunk-size=\"2097152\">\n\t<div class=\"dz-message\">\n\t\t<svg  viewBox=\"0 0 640 640\" focusable=\"false\" data-icon=\"inbox\" width=\"50px\" height=\"50px\" fill=\"currentColor\" aria-hidden=\"true\">\n\t\t\t<path d=\"M352 173.3L352 384C352 401.7 337.7 416 320 416C302.3 416 288 401.7 288 384L288 173.3L246.6 214.7C234.1 227.2 213.8 227.2 201.3 214.7C188.8 202.2 188.8 181.9 201.3 169.4L297.3 73.4C309.8 60.9 330.1 60.9 342.6 73.4L438.6 169.4C451.1 181.9 451.1 202.2 438.6 214.7C426.1 227.2 405.8 227.2 393.3 214.7L352 173.3zM320 464C364.2 464 400 428.2 400 384L480 384C515.3 384 544 412.7 544 448L544 480C544 515.3 515.3 544 480 544L160 544C124.7 544 96 515.3 96 480L96 448C96 412.7 124.7 384 160 384L240 384C240 428.2 275.8 464 320 464zM464 488C477.3 488 488 477.3 488 464C488 450.7 477.3 440 464 440C450.7 440 440 450.7 440 464C440 477.3 450.7 488 464 488z\"\/>\n\t\t<\/svg>\n\n\t\t<span class=\"modern-title\">\n\t\t\t\t\t\t\tFaites glisser et d\u00e9posez des fichiers,  \t\t\t\t<span>Choisissez les fichiers \u00e0 t\u00e9l\u00e9charger<\/span>\n\t\t\t\t\t<\/span>\n\n\t\t\t<\/div>\n<\/div>\n\n<input\n\t\ttype=\"text\"\n\t\tautocomplete=\"off\"\n\t\treadonly\n\t\tclass=\"dropzone-input\"\n\t\tstyle=\"position:absolute!important;clip:rect(0,0,0,0)!important;height:1px!important;width:1px!important;border:0!important;overflow:hidden!important;padding:0!important;margin:0!important;\"\n\t\tid=\"wpforms-5201-field_10\"\n\t\tname=\"wpforms_5201_10\" required\t\tvalue=\"\">\n<\/div><\/div><div class=\"wpforms-layout-column wpforms-layout-column-50\"><div id=\"wpforms-5201-field_11-container\" class=\"wpforms-field wpforms-field-file-upload field50\" data-field-id=\"11\"><label class=\"wpforms-field-label\" for=\"wpforms-5201-field_11\">T\u00e9l\u00e9chargez votre lettre de motivation ici <span class=\"wpforms-required-label\" aria-hidden=\"true\">*<\/span><\/label><div\n\t\tclass=\"wpforms-uploader wpforms-field-required\"\n\t\tdata-field-id=\"11\"\n\t\tdata-form-id=\"5201\"\n\t\tdata-input-name=\"wpforms_5201_11\"\n\t\tdata-extensions=\"pdf,doc,docx\"\n\t\tdata-max-size=\"268435456\"\n\t\tdata-max-file-number=\"1\"\n\t\tdata-post-max-size=\"268435456\"\n\t\tdata-max-parallel-uploads=\"4\"\n\t\tdata-parallel-uploads=\"true\"\n\t\tdata-file-chunk-size=\"2097152\">\n\t<div class=\"dz-message\">\n\t\t<svg  viewBox=\"0 0 640 640\" focusable=\"false\" data-icon=\"inbox\" width=\"50px\" height=\"50px\" fill=\"currentColor\" aria-hidden=\"true\">\n\t\t\t<path d=\"M352 173.3L352 384C352 401.7 337.7 416 320 416C302.3 416 288 401.7 288 384L288 173.3L246.6 214.7C234.1 227.2 213.8 227.2 201.3 214.7C188.8 202.2 188.8 181.9 201.3 169.4L297.3 73.4C309.8 60.9 330.1 60.9 342.6 73.4L438.6 169.4C451.1 181.9 451.1 202.2 438.6 214.7C426.1 227.2 405.8 227.2 393.3 214.7L352 173.3zM320 464C364.2 464 400 428.2 400 384L480 384C515.3 384 544 412.7 544 448L544 480C544 515.3 515.3 544 480 544L160 544C124.7 544 96 515.3 96 480L96 448C96 412.7 124.7 384 160 384L240 384C240 428.2 275.8 464 320 464zM464 488C477.3 488 488 477.3 488 464C488 450.7 477.3 440 464 440C450.7 440 440 450.7 440 464C440 477.3 450.7 488 464 488z\"\/>\n\t\t<\/svg>\n\n\t\t<span class=\"modern-title\">\n\t\t\t\t\t\t\tFaites glisser et d\u00e9posez des fichiers,  \t\t\t\t<span>Choisissez les fichiers \u00e0 t\u00e9l\u00e9charger<\/span>\n\t\t\t\t\t<\/span>\n\n\t\t\t<\/div>\n<\/div>\n\n<input\n\t\ttype=\"text\"\n\t\tautocomplete=\"off\"\n\t\treadonly\n\t\tclass=\"dropzone-input\"\n\t\tstyle=\"position:absolute!important;clip:rect(0,0,0,0)!important;height:1px!important;width:1px!important;border:0!important;overflow:hidden!important;padding:0!important;margin:0!important;\"\n\t\tid=\"wpforms-5201-field_11\"\n\t\tname=\"wpforms_5201_11\" required\t\tvalue=\"\">\n<\/div><\/div><\/div><\/div><\/div><div id=\"wpforms-5201-field_6-container\" class=\"wpforms-field wpforms-field-text\" data-field-id=\"6\"><label class=\"wpforms-field-label\" for=\"wpforms-5201-field_6\">Votre message *<\/label><input type=\"text\" id=\"wpforms-5201-field_6\" class=\"wpforms-field-large\" name=\"wpforms[fields][6]\" aria-errormessage=\"wpforms-5201-field_6-error\" ><\/div><div id=\"wpforms-5201-field_7-container\" class=\"wpforms-field wpforms-field-checkbox\" data-field-id=\"7\"><fieldset><legend class=\"wpforms-field-label wpforms-label-hide\" aria-hidden=\"false\">RGPD<\/legend><ul id=\"wpforms-5201-field_7\"><li class=\"choice-3 depth-1\"><input type=\"checkbox\" id=\"wpforms-5201-field_7_3\" name=\"wpforms[fields][7][]\" value=\"J&#039;accepte la &lt;a href=&quot;https:\/\/buroproject.be\/fr\/politique-de-confidentialite\/&quot;&gt;politique de confidentialit\u00e9&lt;\/a&gt; et les conditions g\u00e9n\u00e9rales.\" aria-errormessage=\"wpforms-5201-field_7_3-error\"  ><label class=\"wpforms-field-label-inline\" for=\"wpforms-5201-field_7_3\">J&rsquo;accepte la <a href=\"https:\/\/buroproject.be\/fr\/politique-de-confidentialite\/\" target=\"_blank\" rel=\"noopener\">politique de confidentialit\u00e9<\/a> et les conditions g\u00e9n\u00e9rales.<\/label><\/li><\/ul><\/fieldset><\/div><\/div><!-- .wpforms-field-container --><div class=\"wpforms-recaptcha-container wpforms-is-recaptcha wpforms-is-recaptcha-type-v3\" ><input type=\"hidden\" name=\"wpforms[recaptcha]\" value=\"\"><\/div><div class=\"wpforms-submit-container\" ><input type=\"hidden\" name=\"wpforms[id]\" value=\"5201\"><input type=\"hidden\" name=\"page_title\" value=\"\"><input type=\"hidden\" name=\"page_url\" value=\"https:\/\/pga.conversal.io\/fr\/wp-json\/wp\/v2\/pages\/5873\"><input type=\"hidden\" name=\"url_referer\" value=\"\"><button type=\"submit\" name=\"wpforms[submit]\" id=\"wpforms-submit-5201\" class=\"wpforms-submit\" data-alt-text=\"envoyer...\" data-submit-text=\"Postuler\" aria-live=\"assertive\" value=\"wpforms-submit\">Postuler<\/button><\/div><\/form><\/div>  <!-- .wpforms-container --><\/div>\n<\/div>\n<\/div>\n","protected":false},"excerpt":{"rendered":"<p>Int\u00e9ress\u00e9(e) ? Do you have what it takes ? Chez Buro Project, nous sommes toujours \u00e0 la recherche de talents cr\u00e9atifs et commerciaux. Impressionnez-nous avec vos comp\u00e9tences ou votre personnalit\u00e9 p\u00e9tillante. Peut-\u00eatre ferez-vous bient\u00f4t partie de l&rsquo;\u00e9quipe de r\u00eave de Buro Project. Que pouvez-vous attendre de Buro Project ? Je suis partant(e)<\/p>\n","protected":false},"author":2,"featured_media":0,"parent":5942,"menu_order":165,"comment_status":"closed","ping_status":"closed","template":"","meta":{"_acf_changed":false,"inline_featured_image":false,"footnotes":""},"class_list":["post-5873","page","type-page","status-publish","hentry"],"acf":[],"mb":[],"mfb_rest_fields":["title"],"_links":{"self":[{"href":"https:\/\/pga.conversal.io\/fr\/wp-json\/wp\/v2\/pages\/5873","targetHints":{"allow":["GET"]}}],"collection":[{"href":"https:\/\/pga.conversal.io\/fr\/wp-json\/wp\/v2\/pages"}],"about":[{"href":"https:\/\/pga.conversal.io\/fr\/wp-json\/wp\/v2\/types\/page"}],"author":[{"embeddable":true,"href":"https:\/\/pga.conversal.io\/fr\/wp-json\/wp\/v2\/users\/2"}],"replies":[{"embeddable":true,"href":"https:\/\/pga.conversal.io\/fr\/wp-json\/wp\/v2\/comments?post=5873"}],"version-history":[{"count":8,"href":"https:\/\/pga.conversal.io\/fr\/wp-json\/wp\/v2\/pages\/5873\/revisions"}],"predecessor-version":[{"id":10707,"href":"https:\/\/pga.conversal.io\/fr\/wp-json\/wp\/v2\/pages\/5873\/revisions\/10707"}],"up":[{"embeddable":true,"href":"https:\/\/pga.conversal.io\/fr\/wp-json\/wp\/v2\/pages\/5942"}],"wp:attachment":[{"href":"https:\/\/pga.conversal.io\/fr\/wp-json\/wp\/v2\/media?parent=5873"}],"curies":[{"name":"wp","href":"https:\/\/api.w.org\/{rel}","templated":true}]}}