{"id":5875,"date":"2025-10-14T17:04:52","date_gmt":"2025-10-14T15:04:52","guid":{"rendered":"https:\/\/pga.conversal.io\/cahier-dinspiration\/"},"modified":"2025-12-18T09:50:13","modified_gmt":"2025-12-18T08:50:13","slug":"cahier-dinspiration","status":"publish","type":"page","link":"https:\/\/pga.conversal.io\/fr\/cahier-dinspiration\/","title":{"rendered":"Cahier d&rsquo;inspiration"},"content":{"rendered":"\n<div class=\"wp-block-group alignwide is-layout-flow wp-container-core-group-is-layout-a77db08e wp-block-group-is-layout-flow\"><nav aria-label=\"breadcrumbs\" class=\"rank-math-breadcrumb\"><p><span class=\"last\">Accueil<\/span><\/p><\/nav>\n\n\n<div class=\"wp-block-group is-layout-flow wp-block-group-is-layout-flow\" style=\"margin-top:0;margin-bottom:0;padding-top:var(--wp--preset--spacing--24-18);padding-bottom:var(--wp--preset--spacing--40-20)\"><h1 class=\"wp-block-post-title has-heading-one-font-size\">Cahier d&rsquo;inspiration<\/h1><\/div>\n<\/div>\n\n<div class=\"wp-block-columns alignwide is-layout-flex wp-container-core-columns-is-layout-28f84493 wp-block-columns-is-layout-flex\">\n<div class=\"wp-block-column has-global-padding is-layout-constrained wp-block-column-is-layout-constrained\">\n<div class=\"wp-block-columns is-layout-flex wp-container-core-columns-is-layout-28f84493 wp-block-columns-is-layout-flex\">\n<div class=\"wp-block-column is-layout-flow wp-block-column-is-layout-flow\">\n<h2 class=\"wp-block-heading\">D\u00e9couvrez comment votre bureau peut \u00eatre bien plus qu&rsquo;un simple lieu de travail <\/h2>\n\n\n\n<p>Un bureau o\u00f9 les gens aiment venir. Un bureau qui connecte, qui donne de l&rsquo;\u00e9nergie et qui augmente la productivit\u00e9. C&rsquo;est ce que nous construisons chaque jour chez Buro Project. Et dans ce lookbook, vous verrez comment nous le faisons.<\/p>\n\n\n\n<p>Laissez-vous inspirer par nos r\u00e9alisations d&rsquo;espaces de travail intelligents, d\u00e9couvrez notre approche, et recevez au passage quelques conseils sur le bien-\u00eatre et l&rsquo;efficacit\u00e9 au travail.<\/p>\n<\/div>\n\n\n\n<div class=\"wp-block-column is-layout-flow wp-block-column-is-layout-flow\">\n<figure class=\"wp-block-image size-large\"><img decoding=\"async\" width=\"1024\" height=\"483\" src=\"https:\/\/pga.conversal.io\/wp-content\/uploads\/2025\/10\/Perfect_Binding_Brochure_Mockup_5-kopie-banner-wit-1024x483.jpg\" alt=\"\" class=\"wp-image-3565\" srcset=\"https:\/\/pga.conversal.io\/wp-content\/uploads\/2025\/10\/Perfect_Binding_Brochure_Mockup_5-kopie-banner-wit-1024x483.jpg 1024w, https:\/\/pga.conversal.io\/wp-content\/uploads\/2025\/10\/Perfect_Binding_Brochure_Mockup_5-kopie-banner-wit-300x141.jpg 300w, https:\/\/pga.conversal.io\/wp-content\/uploads\/2025\/10\/Perfect_Binding_Brochure_Mockup_5-kopie-banner-wit-768x362.jpg 768w, https:\/\/pga.conversal.io\/wp-content\/uploads\/2025\/10\/Perfect_Binding_Brochure_Mockup_5-kopie-banner-wit-1536x724.jpg 1536w, https:\/\/pga.conversal.io\/wp-content\/uploads\/2025\/10\/Perfect_Binding_Brochure_Mockup_5-kopie-banner-wit.jpg 2000w\" sizes=\"(max-width: 1024px) 100vw, 1024px\" \/><\/figure>\n<\/div>\n<\/div>\n<\/div>\n<\/div>\n\n<div class=\"wp-block-group alignwide formImgSec has-smalt-blue-color has-text-color has-link-color wp-elements-7670acde870139e37bc57a7174769aa1 has-global-padding is-layout-constrained wp-block-group-is-layout-constrained\" style=\"padding-top:var(--wp--preset--spacing--60-30);padding-bottom:var(--wp--preset--spacing--60-30)\">\n<div class=\"wp-block-media-text has-media-on-the-right is-stacked-on-mobile is-image-fill-element is-style-gap-0\" style=\"padding-top:0;padding-bottom:0\"><div class=\"wp-block-media-text__content\">\n<div class=\"wp-block-group formColInnr has-sage-blue-background-color has-text-color has-background has-link-color wp-elements-95b5922872300d8503967fae8391b0bb is-layout-flow wp-block-group-is-layout-flow\" style=\"color:#56717d;padding-top:var(--wp--preset--spacing--64-32);padding-right:var(--wp--preset--spacing--64-32);padding-bottom:var(--wp--preset--spacing--64-32);padding-left:var(--wp--preset--spacing--64-32)\">\n<h3 class=\"wp-block-heading\">T\u00e9l\u00e9chargez votre cahier d&rsquo;inspiration gratuit<\/h3>\n\n\n\n<p>Rempli d&rsquo;id\u00e9es, d&rsquo;exemples et de perspectives pour faire de votre bureau, un endroit o\u00f9 les gens se sentent bien et aiment exceller.<\/p>\n\n\n\n<p>Laissez votre nom et votre adresse e-mail et recevez imm\u00e9diatement notre lookbook dans votre bo\u00eete de r\u00e9ception.<\/p>\n\n\n\n<div class=\"wp-block-group contactFormWrap is-layout-flow wp-block-group-is-layout-flow\" style=\"padding-top:var(--wp--preset--spacing--40-24)\"><div class=\"wpforms-container wpforms-block wpforms-block-ac522faa-0648-4e58-a0de-263ec06e462f wpforms-render-modern\" id=\"wpforms-3569\"><form id=\"wpforms-form-3569\" class=\"wpforms-validate wpforms-form\" data-formid=\"3569\" method=\"post\" enctype=\"multipart\/form-data\" action=\"\/fr\/wp-json\/wp\/v2\/pages\/5875\" data-token=\"b9dbdff92689c5242f11e56a03a3f355\" data-token-time=\"1775427465\"><noscript class=\"wpforms-error-noscript\">Veuillez activer JavaScript dans votre navigateur pour remplir ce formulaire.<\/noscript><div id=\"wpforms-error-noscript\" style=\"display: none;\">Veuillez activer JavaScript dans votre navigateur pour remplir ce formulaire.<\/div><div class=\"wpforms-field-container\"><div id=\"wpforms-3569-field_1-container\" class=\"wpforms-field wpforms-field-text field50\" data-field-id=\"1\"><label class=\"wpforms-field-label\" for=\"wpforms-3569-field_1\">Pr\u00e9nom * <span class=\"wpforms-required-label\" aria-hidden=\"true\">*<\/span><\/label><input type=\"text\" id=\"wpforms-3569-field_1\" class=\"wpforms-field-large wpforms-field-required\" name=\"wpforms[fields][1]\" aria-errormessage=\"wpforms-3569-field_1-error\" required><\/div><div id=\"wpforms-3569-field_2-container\" class=\"wpforms-field wpforms-field-text field50\" data-field-id=\"2\"><label class=\"wpforms-field-label\" for=\"wpforms-3569-field_2\">Nom * <span class=\"wpforms-required-label\" aria-hidden=\"true\">*<\/span><\/label><input type=\"text\" id=\"wpforms-3569-field_2\" class=\"wpforms-field-large wpforms-field-required\" name=\"wpforms[fields][2]\" aria-errormessage=\"wpforms-3569-field_2-error\" required><\/div><div id=\"wpforms-3569-field_3-container\" class=\"wpforms-field wpforms-field-email field50\" data-field-id=\"3\"><label class=\"wpforms-field-label\" for=\"wpforms-3569-field_3\">Adresse e-mail * <span class=\"wpforms-required-label\" aria-hidden=\"true\">*<\/span><\/label><input type=\"email\" id=\"wpforms-3569-field_3\" class=\"wpforms-field-large wpforms-field-required\" name=\"wpforms[fields][3]\" spellcheck=\"false\" aria-errormessage=\"wpforms-3569-field_3-error\" required><\/div><div id=\"wpforms-3569-field_9-container\" class=\"wpforms-field wpforms-field-text field50\" data-field-id=\"9\"><label class=\"wpforms-field-label\" for=\"wpforms-3569-field_9\">Nom de l&#039;entreprise * <span class=\"wpforms-required-label\" aria-hidden=\"true\">*<\/span><\/label><input type=\"text\" id=\"wpforms-3569-field_9\" class=\"wpforms-field-medium wpforms-field-required\" name=\"wpforms[fields][9]\" aria-errormessage=\"wpforms-3569-field_9-error\" required><\/div><div id=\"wpforms-3569-field_10-container\" class=\"wpforms-field wpforms-field-radio\" data-field-id=\"10\"><fieldset><legend class=\"wpforms-field-label\">Que souhaitez-vous d\u00e9couvrir sur l&#039;am\u00e9nagement de bureau ? <span class=\"wpforms-required-label\" aria-hidden=\"true\">*<\/span><\/legend><ul id=\"wpforms-3569-field_10\" class=\"wpforms-field-required\"><li class=\"choice-1 depth-1\"><input type=\"radio\" id=\"wpforms-3569-field_10_1\" name=\"wpforms[fields][10]\" value=\"Id\u00e9es pour un nouveau bureau\" aria-errormessage=\"wpforms-3569-field_10_1-error\" required ><label class=\"wpforms-field-label-inline\" for=\"wpforms-3569-field_10_1\">Id\u00e9es pour un nouveau bureau<\/label><\/li><li class=\"choice-2 depth-1\"><input type=\"radio\" id=\"wpforms-3569-field_10_2\" name=\"wpforms[fields][10]\" value=\"R\u00e9am\u00e9nagement du bureau actuel\" aria-errormessage=\"wpforms-3569-field_10_2-error\" required ><label class=\"wpforms-field-label-inline\" for=\"wpforms-3569-field_10_2\">R\u00e9am\u00e9nagement du bureau actuel<\/label><\/li><li class=\"choice-3 depth-1\"><input type=\"radio\" id=\"wpforms-3569-field_10_3\" name=\"wpforms[fields][10]\" value=\"Inspiration pour un client ou un projet\" aria-errormessage=\"wpforms-3569-field_10_3-error\" required ><label class=\"wpforms-field-label-inline\" for=\"wpforms-3569-field_10_3\">Inspiration pour un client ou un projet<\/label><\/li><li class=\"choice-4 depth-1\"><input type=\"radio\" id=\"wpforms-3569-field_10_4\" name=\"wpforms[fields][10]\" value=\"Curieux des tendances et des id\u00e9es\" aria-errormessage=\"wpforms-3569-field_10_4-error\" required ><label class=\"wpforms-field-label-inline\" for=\"wpforms-3569-field_10_4\">Curieux des tendances et des id\u00e9es<\/label><\/li><\/ul><\/fieldset><\/div><div id=\"wpforms-3569-field_7-container\" class=\"wpforms-field wpforms-field-checkbox\" data-field-id=\"7\"><fieldset><legend class=\"wpforms-field-label wpforms-label-hide\" aria-hidden=\"false\">RGPD<\/legend><ul id=\"wpforms-3569-field_7\"><li class=\"choice-3 depth-1\"><input type=\"checkbox\" id=\"wpforms-3569-field_7_3\" name=\"wpforms[fields][7][]\" value=\"J&#039;accepte la &lt;a href=&quot;https:\/\/buroproject.be\/fr\/politique-de-confidentialite\/&quot;&gt;politique de confidentialit\u00e9&lt;\/a&gt; et les conditions g\u00e9n\u00e9rales.\" aria-errormessage=\"wpforms-3569-field_7_3-error\"  ><label class=\"wpforms-field-label-inline\" for=\"wpforms-3569-field_7_3\">J&rsquo;accepte la <a href=\"https:\/\/buroproject.be\/fr\/politique-de-confidentialite\/\" target=\"_blank\" rel=\"noopener\">politique de confidentialit\u00e9<\/a> et les conditions g\u00e9n\u00e9rales.<\/label><\/li><\/ul><\/fieldset><\/div><div id=\"wpforms-3569-field_13-container\" class=\"wpforms-field wpforms-field-hidden\" data-field-id=\"13\"><input type=\"hidden\" id=\"wpforms-3569-field_13\" name=\"wpforms[fields][13]\"><\/div><\/div><!-- .wpforms-field-container --><div class=\"wpforms-recaptcha-container wpforms-is-recaptcha wpforms-is-recaptcha-type-v3\" ><input type=\"hidden\" name=\"wpforms[recaptcha]\" value=\"\"><\/div><div class=\"wpforms-submit-container\" ><input type=\"hidden\" name=\"wpforms[id]\" value=\"3569\"><input type=\"hidden\" name=\"page_title\" value=\"\"><input type=\"hidden\" name=\"page_url\" value=\"https:\/\/pga.conversal.io\/fr\/wp-json\/wp\/v2\/pages\/5875\"><input type=\"hidden\" name=\"url_referer\" value=\"\"><button type=\"submit\" name=\"wpforms[submit]\" id=\"wpforms-submit-3569\" class=\"wpforms-submit\" data-alt-text=\"envoyer...\" data-submit-text=\"T\u00e9l\u00e9chargez le cahier d&#039;inspiration\" aria-live=\"assertive\" value=\"wpforms-submit\">T\u00e9l\u00e9chargez le cahier d&#039;inspiration<\/button><\/div><\/form><\/div>  <!-- .wpforms-container --><\/div>\n<\/div>\n<\/div><figure class=\"wp-block-media-text__media\"><img decoding=\"async\" width=\"819\" height=\"1024\" src=\"https:\/\/pga.conversal.io\/wp-content\/uploads\/2025\/10\/Buro-Project-Inspiratieboek-DEF3-kopie2-819x1024.jpg\" alt=\"\" class=\"wp-image-3591 size-full\" style=\"object-position:50% 50%\" srcset=\"https:\/\/pga.conversal.io\/wp-content\/uploads\/2025\/10\/Buro-Project-Inspiratieboek-DEF3-kopie2-819x1024.jpg 819w, https:\/\/pga.conversal.io\/wp-content\/uploads\/2025\/10\/Buro-Project-Inspiratieboek-DEF3-kopie2-240x300.jpg 240w, https:\/\/pga.conversal.io\/wp-content\/uploads\/2025\/10\/Buro-Project-Inspiratieboek-DEF3-kopie2-768x960.jpg 768w, https:\/\/pga.conversal.io\/wp-content\/uploads\/2025\/10\/Buro-Project-Inspiratieboek-DEF3-kopie2-1229x1536.jpg 1229w, https:\/\/pga.conversal.io\/wp-content\/uploads\/2025\/10\/Buro-Project-Inspiratieboek-DEF3-kopie2-1638x2048.jpg 1638w, https:\/\/pga.conversal.io\/wp-content\/uploads\/2025\/10\/Buro-Project-Inspiratieboek-DEF3-kopie2-scaled.jpg 2048w\" sizes=\"(max-width: 819px) 100vw, 819px\" \/><\/figure><\/div>\n<\/div>\n","protected":false},"excerpt":{"rendered":"<p>D\u00e9couvrez comment votre bureau peut \u00eatre bien plus qu&rsquo;un simple lieu de travail Un bureau o\u00f9 les gens aiment venir. Un bureau qui connecte, qui donne de l&rsquo;\u00e9nergie et qui augmente la productivit\u00e9. C&rsquo;est ce que nous construisons chaque jour chez Buro Project. Et dans ce lookbook, vous verrez comment nous le faisons. Laissez-vous inspirer [&hellip;]<\/p>\n","protected":false},"author":2,"featured_media":0,"parent":0,"menu_order":167,"comment_status":"closed","ping_status":"closed","template":"","meta":{"_acf_changed":false,"inline_featured_image":false,"footnotes":""},"class_list":["post-5875","page","type-page","status-publish","hentry"],"acf":[],"mb":[],"mfb_rest_fields":["title"],"_links":{"self":[{"href":"https:\/\/pga.conversal.io\/fr\/wp-json\/wp\/v2\/pages\/5875","targetHints":{"allow":["GET"]}}],"collection":[{"href":"https:\/\/pga.conversal.io\/fr\/wp-json\/wp\/v2\/pages"}],"about":[{"href":"https:\/\/pga.conversal.io\/fr\/wp-json\/wp\/v2\/types\/page"}],"author":[{"embeddable":true,"href":"https:\/\/pga.conversal.io\/fr\/wp-json\/wp\/v2\/users\/2"}],"replies":[{"embeddable":true,"href":"https:\/\/pga.conversal.io\/fr\/wp-json\/wp\/v2\/comments?post=5875"}],"version-history":[{"count":8,"href":"https:\/\/pga.conversal.io\/fr\/wp-json\/wp\/v2\/pages\/5875\/revisions"}],"predecessor-version":[{"id":10722,"href":"https:\/\/pga.conversal.io\/fr\/wp-json\/wp\/v2\/pages\/5875\/revisions\/10722"}],"wp:attachment":[{"href":"https:\/\/pga.conversal.io\/fr\/wp-json\/wp\/v2\/media?parent=5875"}],"curies":[{"name":"wp","href":"https:\/\/api.w.org\/{rel}","templated":true}]}}