{"id":5942,"date":"2025-09-08T12:15:42","date_gmt":"2025-09-08T10:15:42","guid":{"rendered":"https:\/\/pga.conversal.io\/offres-demploi\/"},"modified":"2026-03-13T09:59:32","modified_gmt":"2026-03-13T08:59:32","slug":"offres-demploi","status":"publish","type":"page","link":"https:\/\/pga.conversal.io\/fr\/offres-demploi\/","title":{"rendered":"Offres d&#8217;emploi"},"content":{"rendered":"\n<div class=\"wp-block-columns pageIntro is-layout-flex wp-container-core-columns-is-layout-f7a6b622 wp-block-columns-is-layout-flex\" style=\"margin-top:0;margin-bottom:0;padding-top:var(--wp--preset--spacing--80-40);padding-bottom:var(--wp--preset--spacing--40-24)\">\n<div class=\"wp-block-column has-global-padding is-layout-constrained wp-block-column-is-layout-constrained\">\n<div class=\"wp-block-group is-layout-flow wp-container-core-group-is-layout-a77db08e wp-block-group-is-layout-flow\"><nav aria-label=\"breadcrumbs\" class=\"rank-math-breadcrumb\"><p><span class=\"last\">Accueil<\/span><\/p><\/nav>\n\n\n<div class=\"wp-block-group is-layout-flow wp-block-group-is-layout-flow\" style=\"margin-top:0;margin-bottom:0;padding-top:var(--wp--preset--spacing--24-18);padding-bottom:var(--wp--preset--spacing--40-20)\"><h1 class=\"wp-block-post-title has-heading-one-font-size\">Offres d&#8217;emploi<\/h1><\/div>\n<\/div>\n<\/div>\n<\/div>\n\n<div class=\"wp-block-group teamSec has-global-padding is-layout-constrained wp-block-group-is-layout-constrained\" style=\"margin-top:0px;margin-bottom:0px;padding-top:var(--wp--preset--spacing--80-40);padding-bottom:var(--wp--preset--spacing--60-30)\">\n<div class=\"wp-block-columns teamRow is-layout-flex wp-container-core-columns-is-layout-7c593e48 wp-block-columns-is-layout-flex\">\n<div class=\"wp-block-column teamImgCol imgSquare is-layout-flow wp-block-column-is-layout-flow\" style=\"flex-basis:450px\">\n<div class=\"wp-block-group videoWrap is-layout-flow wp-block-group-is-layout-flow\">\n<figure class=\"wp-block-video hasSaddhow\"><video autoplay=\"\" controls=\"\" loop=\"\" muted=\"\" src=\"https:\/\/pga.conversal.io\/wp-content\/uploads\/2025\/10\/BP-Jaartallen-1080x1350-1.mp4\"><\/video><\/figure>\n<\/div>\n<\/div>\n\n\n\n<div class=\"wp-block-column teamDesCol is-layout-flow wp-block-column-is-layout-flow\">\n<div class=\"wp-block-group teamDesInnr is-layout-flow wp-block-group-is-layout-flow\">\n<div style=\"height:100px\" aria-hidden=\"true\" class=\"wp-block-spacer\"><\/div>\n\n\n\n<h2 class=\"wp-block-heading has-heading-one-font-size\">Rejoignez notre \u00e9quipe<\/h2>\n\n\n\n<div class=\"wp-block-group textColInr is-layout-flow wp-block-group-is-layout-flow\" style=\"margin-top:0px;margin-bottom:0px\">\n<div class=\"wp-block-group has-global-padding is-content-justification-left is-layout-constrained wp-container-core-group-is-layout-411aa8ac wp-block-group-is-layout-constrained\" style=\"padding-top:var(--wp--preset--spacing--64-32);padding-bottom:var(--wp--preset--spacing--64-32)\">\n<ul style=\"text-transform:uppercase\" class=\"wp-block-list hasListArrow has-black-color has-text-color has-link-color has-heading-five-font-size wp-elements-ef649d322386a094b636c7d7149dfdad\">\n<li><a href=\"https:\/\/pga.conversal.io\/fr\/offres-demploi\/business-developer-flandre-occidentale\/\" target=\"_blank\" data-type=\"page\" data-id=\"11178\" rel=\"noreferrer noopener\">Conseiller de projet Flandre orientale &amp; occidentale<\/a><\/li>\n\n\n\n<li><a href=\"https:\/\/pga.conversal.io\/fr\/offres-demploi\/candidature-spontanee\/\" target=\"_blank\" data-type=\"page\" data-id=\"5196\" rel=\"noreferrer noopener\">Candidature spontan\u00e9e<\/a><\/li>\n<\/ul>\n<\/div>\n\n\n\n<div class=\"wp-block-buttons is-layout-flex wp-block-buttons-is-layout-flex\" style=\"margin-top:0\">\n<div class=\"wp-block-button is-style-coral is-style-coral--1\"><a class=\"wp-block-button__link wp-element-button\" href=\"https:\/\/pga.conversal.io\/fr\/contact\/\">Contactez-nous<\/a><\/div>\n<\/div>\n<\/div>\n<\/div>\n<\/div>\n<\/div>\n<\/div>\n\n<div class=\"wp-block-columns is-layout-flex wp-container-core-columns-is-layout-dffcf3cf wp-block-columns-is-layout-flex\" style=\"margin-top:0;margin-bottom:0;padding-top:var(--wp--preset--spacing--40-24);padding-bottom:var(--wp--preset--spacing--40-24)\">\n<div class=\"wp-block-column has-global-padding is-layout-constrained wp-block-column-is-layout-constrained\">\n<div class=\"wp-block-columns is-layout-flex wp-container-core-columns-is-layout-505b6f45 wp-block-columns-is-layout-flex\">\n<div class=\"wp-block-column is-layout-flow wp-block-column-is-layout-flow\">\n<h2 class=\"wp-block-heading\">Notre culture d&rsquo;entreprise<\/h2>\n<\/div>\n\n\n\n<div class=\"wp-block-column is-layout-flow wp-block-column-is-layout-flow\"><\/div>\n<\/div>\n<\/div>\n<\/div>\n\n<div class=\"wp-block-columns twoColGrdsSec is-layout-flex wp-container-core-columns-is-layout-5cac8182 wp-block-columns-is-layout-flex\" style=\"margin-top:0px;margin-bottom:0px;padding-top:var(--wp--preset--spacing--60-30);padding-bottom:var(--wp--preset--spacing--60-30)\">\n<div class=\"wp-block-column has-global-padding is-layout-constrained wp-block-column-is-layout-constrained\">\n<div class=\"wp-block-columns twoColGrdsRow itemOneThird is-layout-flex wp-container-core-columns-is-layout-575d760c wp-block-columns-is-layout-flex\">\n<div class=\"wp-block-column twColItem is-layout-flow wp-block-column-is-layout-flow\">\n<div class=\"wp-block-group twColItemInnr is-layout-flow wp-block-group-is-layout-flow\">\n<figure class=\"wp-block-image size-full\"><img decoding=\"async\" width=\"2040\" height=\"1530\" src=\"https:\/\/pga.conversal.io\/wp-content\/uploads\/2025\/10\/20jaarBP_collega28-1280x853_0.jpg.webp\" alt=\"\" class=\"wp-image-5176\" srcset=\"https:\/\/pga.conversal.io\/wp-content\/uploads\/2025\/10\/20jaarBP_collega28-1280x853_0.jpg.webp 2040w, https:\/\/pga.conversal.io\/wp-content\/uploads\/2025\/10\/20jaarBP_collega28-1280x853_0.jpg-300x225.webp 300w, https:\/\/pga.conversal.io\/wp-content\/uploads\/2025\/10\/20jaarBP_collega28-1280x853_0.jpg-1024x768.webp 1024w, https:\/\/pga.conversal.io\/wp-content\/uploads\/2025\/10\/20jaarBP_collega28-1280x853_0.jpg-768x576.webp 768w, https:\/\/pga.conversal.io\/wp-content\/uploads\/2025\/10\/20jaarBP_collega28-1280x853_0.jpg-1536x1152.webp 1536w\" sizes=\"(max-width: 2040px) 100vw, 2040px\" \/><\/figure>\n\n\n\n<div class=\"wp-block-group twColItemDes is-layout-flow wp-block-group-is-layout-flow\" style=\"padding-top:var(--wp--preset--spacing--40)\">\n<h3 class=\"wp-block-heading twColItemTitle has-heading-four-font-size\">Un excellent esprit d&rsquo;\u00e9quipe<\/h3>\n\n\n\n<p class=\"has-light-color has-text-color has-link-color wp-elements-5f2f8ab5b4e1a1837f20b4f4f4d63a83\">En tant qu&rsquo;entreprise, nous sommes stables; en tant qu&rsquo;\u00eatres humains, on ne peut pas en dire autant de tout le monde, ha ha! Cette exub\u00e9rance et ce dynamisme contribuent \u00e0 l&rsquo;esprit d&rsquo;\u00e9quipe, ce qui est crucial dans les moments charg\u00e9s ou difficiles, car il y en a naturellement de temps en temps. \u00c0 mi-chemin entre &lsquo;hi\u00e9rarchie&rsquo; et &lsquo;anarchie&rsquo;, nous avons trouv\u00e9 notre propre fa\u00e7on de collaborer, o\u00f9 les coll\u00e8gues re\u00e7oivent responsabilit\u00e9 et libert\u00e9 en parts quasi \u00e9gales.  <\/p>\n<\/div>\n<\/div>\n<\/div>\n\n\n\n<div class=\"wp-block-column twColItem is-layout-flow wp-block-column-is-layout-flow\">\n<div class=\"wp-block-group twColItemInnr is-layout-flow wp-block-group-is-layout-flow\">\n<figure class=\"wp-block-image size-full\"><img decoding=\"async\" width=\"2040\" height=\"1530\" src=\"https:\/\/pga.conversal.io\/wp-content\/uploads\/2025\/10\/20jaarBP_collega_afterwork24-1280x854_2.jpg.webp\" alt=\"\" class=\"wp-image-5177\" srcset=\"https:\/\/pga.conversal.io\/wp-content\/uploads\/2025\/10\/20jaarBP_collega_afterwork24-1280x854_2.jpg.webp 2040w, https:\/\/pga.conversal.io\/wp-content\/uploads\/2025\/10\/20jaarBP_collega_afterwork24-1280x854_2.jpg-300x225.webp 300w, https:\/\/pga.conversal.io\/wp-content\/uploads\/2025\/10\/20jaarBP_collega_afterwork24-1280x854_2.jpg-1024x768.webp 1024w, https:\/\/pga.conversal.io\/wp-content\/uploads\/2025\/10\/20jaarBP_collega_afterwork24-1280x854_2.jpg-768x576.webp 768w, https:\/\/pga.conversal.io\/wp-content\/uploads\/2025\/10\/20jaarBP_collega_afterwork24-1280x854_2.jpg-1536x1152.webp 1536w\" sizes=\"(max-width: 2040px) 100vw, 2040px\" \/><\/figure>\n\n\n\n<div class=\"wp-block-group twColItemDes is-layout-flow wp-block-group-is-layout-flow\" style=\"padding-top:var(--wp--preset--spacing--40)\">\n<h3 class=\"wp-block-heading twColItemTitle has-heading-four-font-size\">Une communication ouverte et positive: un outil essentiel pour maintenir l&rsquo;\u00e9quilibre<\/h3>\n\n\n\n<p class=\"has-light-color has-text-color has-link-color wp-elements-b7c5e600bd62d0803fe6c72724b506b9\">Nos connexions personnelles renforcent le processus professionnel gr\u00e2ce \u00e0 un \u00e9change fluide de connaissances et d&rsquo;id\u00e9es. Gr\u00e2ce \u00e0 notre lien avec le travail &#8211; pas un travail \u00e0 la cha\u00eene &#8211; nous nous engageons chaque jour avec plaisir \u00e0 aider les clients de mani\u00e8re optimale et sur mesure. Pour faire de chaque projet un succ\u00e8s (et parfois pour transformer le lieu de travail en piste de danse).  <\/p>\n<\/div>\n<\/div>\n<\/div>\n<\/div>\n<\/div>\n<\/div>\n\n<div class=\"wp-block-columns imageTextBoxSec textImageBoxSec has-light-color has-text-color has-link-color wp-elements-b77c5db7d499060058591116f5e28ef4 is-layout-flex wp-container-core-columns-is-layout-5bbe6e16 wp-block-columns-is-layout-flex\" style=\"margin-top:0;margin-bottom:0;padding-top:var(--wp--preset--spacing--60-30);padding-bottom:var(--wp--preset--spacing--60-30)\">\n<div class=\"wp-block-column has-global-padding is-layout-constrained wp-block-column-is-layout-constrained\">\n<div class=\"wp-block-columns imageTextBoxRow is-layout-flex wp-container-core-columns-is-layout-28232c24 wp-block-columns-is-layout-flex\">\n<div class=\"wp-block-column imageTextBoxCol textCol has-coral-background-color has-background is-layout-flow wp-block-column-is-layout-flow\" style=\"flex-basis:50%\">\n<div class=\"wp-block-group textColInr is-layout-flow wp-block-group-is-layout-flow\" style=\"margin-top:0px;margin-bottom:0px;padding-top:var(--wp--preset--spacing--64-32);padding-right:var(--wp--preset--spacing--64-32);padding-bottom:var(--wp--preset--spacing--64-32);padding-left:var(--wp--preset--spacing--64-32)\">\n<h2 class=\"wp-block-heading secTitle has-primary-color has-text-color has-link-color has-heading-four-font-size wp-elements-303a7995f23ba289ae1c751421718413\" style=\"margin-top:0px;margin-bottom:0px\">Nos employ\u00e9s sont le capital le plus important de notre entreprise<\/h2>\n\n\n\n<div class=\"wp-block-group has-smalt-blue-color has-text-color has-link-color wp-elements-3bce82b120c0c056fc7e8f69ab31920a is-layout-flow wp-block-group-is-layout-flow\" style=\"margin-top:0;margin-bottom:0;padding-top:var(--wp--preset--spacing--32-24);padding-bottom:var(--wp--preset--spacing--32-24)\">\n<p class=\"has-primary-color has-text-color has-link-color wp-elements-8ae9124e0aa3e9a84849a493502ccf54\">Buro Project a sign\u00e9 la charte RSE pour une bonne gouvernance. Avec une politique RH solide, nous accordons une grande attention aux souhaits et aux pr\u00e9occupations de chacun de nos 32 employ\u00e9s. Ceux qui visitent nos Concept Places \u00e0 Alost ou \u00e0 Knokke verront de leurs propres yeux comment cela se traduit par une ambiance fantastique, o\u00f9 chacun vient travailler avec le sourire. Et c&rsquo;est pour cela que nous le faisons : des espaces de travail intelligents pour des personnes heureuses.   <\/p>\n<\/div>\n\n\n\n<div class=\"wp-block-buttons is-layout-flex wp-block-buttons-is-layout-flex\" style=\"margin-top:0\">\n<div class=\"wp-block-button is-style-coral is-style-coral--2\"><a class=\"wp-block-button__link wp-element-button\" href=\"https:\/\/pga.conversal.io\/fr\/equipe\/\">D\u00e9couvrez notre formidable \u00e9quipe<\/a><\/div>\n<\/div>\n<\/div>\n<\/div>\n\n\n\n<div class=\"wp-block-column imageTextBoxCol imageCol is-layout-flow wp-block-column-is-layout-flow\" style=\"flex-basis:50%\">\n<div class=\"wp-block-group imageColInr is-layout-flow wp-block-group-is-layout-flow\" style=\"margin-top:0px;margin-bottom:0px\">\n<figure class=\"wp-block-image size-full\"><img decoding=\"async\" width=\"810\" height=\"1080\" src=\"https:\/\/pga.conversal.io\/wp-content\/uploads\/2025\/10\/IA-team-2-LR.jpg\" alt=\"\" class=\"wp-image-3442\" srcset=\"https:\/\/pga.conversal.io\/wp-content\/uploads\/2025\/10\/IA-team-2-LR.jpg 810w, https:\/\/pga.conversal.io\/wp-content\/uploads\/2025\/10\/IA-team-2-LR-225x300.jpg 225w, https:\/\/pga.conversal.io\/wp-content\/uploads\/2025\/10\/IA-team-2-LR-768x1024.jpg 768w\" sizes=\"(max-width: 810px) 100vw, 810px\" \/><\/figure>\n<\/div>\n<\/div>\n<\/div>\n<\/div>\n<\/div>\n","protected":false},"excerpt":{"rendered":"<p>Rejoignez notre \u00e9quipe Notre culture d&rsquo;entreprise Un excellent esprit d&rsquo;\u00e9quipe En tant qu&rsquo;entreprise, nous sommes stables; en tant qu&rsquo;\u00eatres humains, on ne peut pas en dire autant de tout le monde, ha ha! Cette exub\u00e9rance et ce dynamisme contribuent \u00e0 l&rsquo;esprit d&rsquo;\u00e9quipe, ce qui est crucial dans les moments charg\u00e9s ou difficiles, car il y [&hellip;]<\/p>\n","protected":false},"author":1,"featured_media":0,"parent":0,"menu_order":197,"comment_status":"closed","ping_status":"closed","template":"page-innerpage.php","meta":{"_acf_changed":false,"inline_featured_image":false,"footnotes":""},"class_list":["post-5942","page","type-page","status-publish","hentry"],"acf":[],"mb":[],"mfb_rest_fields":["title"],"_links":{"self":[{"href":"https:\/\/pga.conversal.io\/fr\/wp-json\/wp\/v2\/pages\/5942","targetHints":{"allow":["GET"]}}],"collection":[{"href":"https:\/\/pga.conversal.io\/fr\/wp-json\/wp\/v2\/pages"}],"about":[{"href":"https:\/\/pga.conversal.io\/fr\/wp-json\/wp\/v2\/types\/page"}],"author":[{"embeddable":true,"href":"https:\/\/pga.conversal.io\/fr\/wp-json\/wp\/v2\/users\/1"}],"replies":[{"embeddable":true,"href":"https:\/\/pga.conversal.io\/fr\/wp-json\/wp\/v2\/comments?post=5942"}],"version-history":[{"count":18,"href":"https:\/\/pga.conversal.io\/fr\/wp-json\/wp\/v2\/pages\/5942\/revisions"}],"predecessor-version":[{"id":11327,"href":"https:\/\/pga.conversal.io\/fr\/wp-json\/wp\/v2\/pages\/5942\/revisions\/11327"}],"wp:attachment":[{"href":"https:\/\/pga.conversal.io\/fr\/wp-json\/wp\/v2\/media?parent=5942"}],"curies":[{"name":"wp","href":"https:\/\/api.w.org\/{rel}","templated":true}]}}