{"id":5956,"date":"2025-09-08T12:17:37","date_gmt":"2025-09-08T10:17:37","guid":{"rendered":"https:\/\/pga.conversal.io\/questions-frequentes-sur-lamenagement-de-bureaux-chez-buro-project\/"},"modified":"2026-03-17T19:38:02","modified_gmt":"2026-03-17T18:38:02","slug":"questions-frequentes-sur-lamenagement-de-bureaux-chez-buro-project","status":"publish","type":"page","link":"https:\/\/pga.conversal.io\/fr\/questions-frequentes-sur-lamenagement-de-bureaux-chez-buro-project\/","title":{"rendered":"Questions fr\u00e9quentes"},"content":{"rendered":"\n<div class=\"wp-block-columns is-layout-flex wp-container-core-columns-is-layout-4db5fa58 wp-block-columns-is-layout-flex\" style=\"margin-top:0px;margin-bottom:0px;padding-top:0;padding-bottom:var(--wp--preset--spacing--40)\">\n<div class=\"wp-block-column has-global-padding is-layout-constrained wp-block-column-is-layout-constrained\">\n<div class=\"wp-block-group is-layout-flow wp-block-group-is-layout-flow\"><nav aria-label=\"breadcrumbs\" class=\"rank-math-breadcrumb\"><p><span class=\"last\">Accueil<\/span><\/p><\/nav>\n\n\n<div class=\"wp-block-columns is-layout-flex wp-container-core-columns-is-layout-c37056bb wp-block-columns-is-layout-flex\" style=\"margin-top:var(--wp--preset--spacing--16)\">\n<div class=\"wp-block-column is-layout-flow wp-block-column-is-layout-flow\"><h1 class=\"wp-block-post-title has-heading-one-font-size\">Questions fr\u00e9quentes<\/h1><\/div>\n\n\n\n<div class=\"wp-block-column is-layout-flow wp-block-column-is-layout-flow\">\n<p>Vous avez des questions sur notre fa\u00e7on de travailler, sur le type de mobilier que nous utilisons ou sur tout ce qui concerne l&rsquo;am\u00e9nagement de bureaux ? Vous n&rsquo;\u00eates pas le seul. Ci-dessous, nous regroupons les questions les plus fr\u00e9quemment pos\u00e9es.  <\/p>\n\n\n\n<p>Vous avez une autre question ? <a href=\"https:\/\/pga.conversal.io\/fr\/contact\/\">Faites-le nous savoir<\/a>, nous serons ravis d&rsquo;y r\u00e9fl\u00e9chir avec vous.<\/p>\n<\/div>\n<\/div>\n<\/div>\n<\/div>\n<\/div>\n\n<details class=\"wp-block-details is-layout-flow wp-block-details-is-layout-flow\"><summary><strong>Faites-vous aussi des r\u00e9novations de bureaux ?<\/strong><\/summary>\n<p>Oui. Parfois, un bureau a simplement besoin d&rsquo;\u00eatre rafra\u00eechi. D&rsquo;autres fois, une refonte compl\u00e8te est n\u00e9cessaire. Dans les deux cas, <strong>nous accompagnons l&rsquo;ensemble du processus, de la d\u00e9molition \u00e0 la finition, y compris les permis, les techniques et l&rsquo;\u00e9clairage<\/strong>. Nous assurons une transformation fluide avec un minimum d&rsquo;interruption de vos activit\u00e9s quotidiennes.    <\/p>\n\n\n\n<p>En savoir plus sur les <a href=\"https:\/\/pga.conversal.io\/fr\/renovation-de-bureau\/\">r\u00e9novations de bureaux.<\/a><\/p>\n<\/details>\n\n<details class=\"wp-block-details is-layout-flow wp-block-details-is-layout-flow\"><summary><strong>Pouvez-vous aussi nous aider avec l&rsquo;ergonomie sur le lieu de travail ?<\/strong><\/summary>\n<p><strong>Absolument<\/strong>. L&rsquo;ergonomie n&rsquo;est pas un d\u00e9tail, c&rsquo;est une condition fondamentale du bien-\u00eatre au travail. Nous allons au-del\u00e0 des simples chaises et tables de bureau. Pensez aux bonnes hauteurs de travail, aux solutions assis-debout et aux am\u00e9nagements intelligents qui encouragent le mouvement.   <\/p>\n\n\n\n<p>Lisez aussi : <a href=\"https:\/\/pga.conversal.io\/fr\/perspectives\/travailler-de-maniere-ergonomique-au-bureau-6-conseils\/\">Travailler de mani\u00e8re ergonomique au bureau : 6 conseils<\/a>.<\/p>\n<\/details>\n\n<details class=\"wp-block-details is-layout-flow wp-block-details-is-layout-flow\"><summary><strong>Faites-vous aussi du sur-mesure ?<\/strong><\/summary>\n<p>Chaque espace que nous am\u00e9nageons est <strong>adapt\u00e9 aux personnes qui y travaillent<\/strong>. Nous n&rsquo;utilisons pas de packages standard, mais faisons des choix r\u00e9fl\u00e9chis qui correspondent \u00e0 votre fa\u00e7on de travailler. Du mobilier de bureau aux accents uniques : nous rendons votre bureau vraiment v\u00f4tre.  <\/p>\n<\/details>\n\n<details class=\"wp-block-details is-layout-flow wp-block-details-is-layout-flow\"><summary><strong>Comment se d\u00e9roule le processus d&rsquo;am\u00e9nagement ou de r\u00e9novation de bureau ?<\/strong><\/summary>\n<ul class=\"wp-block-list\">\n<li><strong>Prise de contact et briefing<\/strong> : nous discutons de vos souhaits, budget, timing et besoins fonctionnels.<\/li>\n\n\n\n<li><strong>Concept  design<\/strong> : nous \u00e9laborons des croquis\/propositions 3D.<\/li>\n\n\n\n<li><strong>Planification technique<\/strong> : int\u00e9gration des \u00e9l\u00e9ments comme l&rsquo;\u00e9lectricit\u00e9, l&rsquo;\u00e9clairage, le CVC, l&rsquo;acoustique.<\/li>\n\n\n\n<li><strong>Ex\u00e9cution<\/strong> : construction, finition, montage du mobilier.<\/li>\n\n\n\n<li><strong>Livraison et suivi<\/strong> : nous nous assurons que tout est termin\u00e9 et que vous \u00eates bien install\u00e9s.<\/li>\n<\/ul>\n\n\n\n<p>En savoir plus sur notre <a href=\"https:\/\/pga.conversal.io\/fr\/methode-de-travail\/\">m\u00e9thode de travail<\/a>.<\/p>\n<\/details>\n\n<details class=\"wp-block-details is-layout-flow wp-block-details-is-layout-flow\"><summary><strong>Pouvons-nous int\u00e9grer notre propre style ou notre marque dans le design ?<\/strong><\/summary>\n<p><strong>Certainement<\/strong>. Un bureau doit \u00eatre per\u00e7u comme le <strong>prolongement<\/strong> <strong>de<\/strong> <strong>votre<\/strong> <strong>marque<\/strong>. C\u2019est pourquoi nous veillons \u00e0 ce que votre identit\u00e9 soit visible et tangible dans chaque d\u00e9tail : de l\u2019utilisation des couleurs au choix des mat\u00e9riaux, des accents graphiques \u00e0 l\u2019agencement des espaces. <\/p>\n\n\n\n<p>Nous commen\u00e7ons toujours par une <strong>bonne<\/strong> <strong>conversation<\/strong> pour comprendre qui vous \u00eates et comment vous travaillez. Sur cette base, nous traduisons votre image de marque en un int\u00e9rieur qui correspond \u00e0 votre histoire et \u00e0 l&rsquo;exp\u00e9rience de votre \u00e9quipe et de vos visiteurs. Subtil quand il le faut, prononc\u00e9 quand c&rsquo;est possible.  <\/p>\n\n\n\n<p>Lire aussi : <a href=\"https:\/\/pga.conversal.io\/fr\/perspectives\/comment-creer-un-bureau-qui-correspond-vraiment-a-votre-organisation\/\">Comment cr\u00e9er un bureau qui correspond vraiment \u00e0 votre organisation ?<\/a><\/p>\n<\/details>\n\n<details class=\"wp-block-details is-layout-flow wp-block-details-is-layout-flow\"><summary><strong>Vos solutions sont-elles durables ?<\/strong><\/summary>\n<p>Oui. Nous r\u00e9fl\u00e9chissons \u00e0 chaque d\u00e9tail, \u00e9galement en termes de <strong>durabilit\u00e9<\/strong>. Cela signifie : choisir des mat\u00e9riaux circulaires, une production locale et des conceptions durables. Nous r\u00e9utilisons dans la mesure du possible, limitons les d\u00e9chets sur le chantier et choisissons des fournisseurs qui partagent les m\u00eames valeurs.    Ainsi, nous rendons votre lieu de travail tourn\u00e9 vers lavenir, sans exag\u00e9ration. <\/p>\n\n\n\n<p>En savoir plus sur notre <a href=\"https:\/\/pga.conversal.io\/fr\/durabilite\/\">vision de la durabilit\u00e9<\/a> ou d\u00e9couvrez <a href=\"https:\/\/pga.conversal.io\/fr\/perspectives\/durabilite-au-bureau-comment-sy-prendre\/\">comment cr\u00e9er un bureau durable<\/a>.<\/p>\n<\/details>\n\n<details class=\"wp-block-details is-layout-flow wp-block-details-is-layout-flow\"><summary><strong>Pouvons-nous consulter un livre d&rsquo;inspiration ou des exemples ?<\/strong><\/summary>\n<p>Bien s\u00fbr. Demandez notre <a href=\"https:\/\/pga.conversal.io\/fr\/cahier-dinspiration\/\">livre d&rsquo;inspiration<\/a> ou consultez certaines de nos <a href=\"https:\/\/pga.conversal.io\/realisaties\/\">r\u00e9alisations<\/a> en ligne. Vous aurez ainsi une id\u00e9e de ce qui est possible et de ce qui convient \u00e0 votre \u00e9quipe.  <\/p>\n\n\n\n<p>Vous pr\u00e9f\u00e9rez exp\u00e9rimenter par vous-m\u00eame ce qui fonctionne ? Venez visiter l&rsquo;un de nos C<a href=\"https:\/\/pga.conversal.io\/nl\/vestigingen\">oncept Places<\/a> \u00e0 <strong>Alost<\/strong> ou \u00e0 <strong>Knokke<\/strong>, et d\u00e9couvrez de pr\u00e8s les mat\u00e9riaux, les styles et les agencements. <\/p>\n<\/details>\n\n<details class=\"wp-block-details is-layout-flow wp-block-details-is-layout-flow\"><summary><strong>Dois-je arr\u00eater mes activit\u00e9s professionnelles pendant les travaux ?<\/strong><\/summary>\n<p>Pas n\u00e9cessairement. Nous planifions les travaux de mani\u00e8re \u00e0 ce que vos activit\u00e9s subissent <strong>le moins de perturbations possible<\/strong>. Cela peut se faire par une ex\u00e9cution par phases, du travail en soir\u00e9e ou le week-end, ou des d\u00e9placements temporaires dans votre b\u00e2timent. Nous pensons de mani\u00e8re pratique et cherchons ensemble une approche r\u00e9alisable.   <\/p>\n<\/details>\n\n<details class=\"wp-block-details is-layout-flow wp-block-details-is-layout-flow\"><summary><strong>Pouvons-nous rester dans notre budget et comment le budget est-il contr\u00f4l\u00e9 ?<\/strong><\/summary>\n<p>La <strong>transparence<\/strong> est essentielle pour nous. Avant le d\u00e9but, nous passons des accords clairs sur le budget et nous les surveillons strictement tout au long du processus. Vous recevez une <strong>estimation des co\u00fbts<\/strong> claire, que nous affinons \u00e9tape par \u00e9tape.   Nous r\u00e9fl\u00e9chissons avec vous \u00e0 des alternatives qui sadaptent \u00e0 votre budget, sans faire de compromis sur lapparence ou la qualit\u00e9. <\/p>\n<\/details>\n\n<details class=\"wp-block-details is-layout-flow wp-block-details-is-layout-flow\"><summary><strong>Pouvez-vous fournir du mobilier ou uniquement r\u00e9aliser l&rsquo;am\u00e9nagement\/la r\u00e9novation ?<\/strong><\/summary>\n<p><strong>Les deux<\/strong>. Nous fournissons et installons du <a href=\"https:\/\/pga.conversal.io\/fr\/specialiste-mobilier-de-bureau\/\">mobilier de bureau<\/a> de diff\u00e9rentes marques et concevons \u00e9galement du sur-mesure lorsque cela correspond mieux \u00e0 vos besoins. Chez nous, le mobilier fait partie int\u00e9grante de l&rsquo;approche globale : du concept et de la conception \u00e0 la r\u00e9alisation. Nous r\u00e9fl\u00e9chissons \u00e0 l&rsquo;ergonomie, au confort et \u00e0 l&rsquo;apparence, pour que chaque \u00e9l\u00e9ment corresponde \u00e0 l&rsquo;ADN de votre organisation.   <\/p>\n\n\n\n<p>Dans nos C<a href=\"https:\/\/pga.conversal.io\/nl\/vestigingen\">oncept Places<\/a> \u00e0 Alost et \u00e0 Knokke, vous pouvez voir et tester diff\u00e9rentes solutions avec l&rsquo;accompagnement de nos experts.<\/p>\n<\/details>\n\n<details class=\"wp-block-details is-layout-flow wp-block-details-is-layout-flow\"><summary><strong>Un seul interlocuteur ou plusieurs parties ?<\/strong><\/summary>\n<p>Vous travaillez avec <strong>un<\/strong> <strong>seul<\/strong> <strong>interlocuteur<\/strong>. Nous coordonnons tout, de la conception \u00e0 la livraison, et g\u00e9rons toutes les parties impliqu\u00e9es. Cela vous fait gagner du temps, \u00e9vite les malentendus et assure une ex\u00e9cution fluide et efficace.  <\/p>\n<\/details>\n\n<details class=\"wp-block-details is-layout-flow wp-block-details-is-layout-flow\"><summary><strong>Avez-vous aussi des conseils pour l&rsquo;am\u00e9nagement de bureau ?<\/strong><\/summary>\n<p>Certainement. En voici d\u00e9j\u00e0 trois : <\/p>\n\n\n\n<ol class=\"wp-block-list\">\n<li>Assurez un <strong>m\u00e9lange de modes de travail<\/strong> : concentration, concertation, d\u00e9tente.<\/li>\n\n\n\n<li>Pensez \u00e0 l&rsquo;<a href=\"https:\/\/pga.conversal.io\/fr\/perspectives\/en-5-etapes-silencieuses-vers-une-meilleure-acoustique-sur-le-lieu-de-travail\/\"><strong>acoustique<\/strong><\/a>, on l&rsquo;oublie souvent.<\/li>\n\n\n\n<li>Laissez de la place pour la <strong>personnalisation<\/strong> : un lieu de travail doit aussi avoir une touche personnelle.<\/li>\n<\/ol>\n\n\n\n<p>Pour plus d&rsquo;inspiration et de conseils pratiques, vous pouvez consulter nos <a href=\"https:\/\/pga.conversal.io\/inzichten\/\">perspectives<\/a>.<\/p>\n<\/details>\n\n<details class=\"wp-block-details is-layout-flow wp-block-details-is-layout-flow\"><summary><strong>Que comprend l&rsquo;am\u00e9nagement de bureau ?<\/strong><\/summary>\n<p>L&rsquo;<a href=\"https:\/\/pga.conversal.io\/fr\/amenagement-de-bureau-complet\/\"><strong>am\u00e9nagement de bureau<\/strong><\/a> va au-del\u00e0 des bureaux et des chaises. Pensez aux agencements intelligents, aux solutions acoustiques, \u00e0 l&rsquo;\u00e9clairage, aux salles de r\u00e9union, aux zones d&rsquo;accueil, aux coins caf\u00e9 et \u00e0 tout ce qui rend votre journ\u00e9e de travail plus agr\u00e9able. Buro Project assure un <strong>concept global<\/strong> coh\u00e9rent, de l\u2019accueil au dernier d\u00e9tail, avec un souci de confort, d\u2019esth\u00e9tique et de fonctionnalit\u00e9.<\/p>\n<\/details>\n\n<details class=\"wp-block-details is-layout-flow wp-block-details-is-layout-flow\"><summary><strong>Comment am\u00e9nager mon bureau ?<\/strong><\/summary>\n<p>Commencez par les <strong>personnes<\/strong> qui y travaillent. De quoi ont-elles besoin pour bien fonctionner ? Pensez \u00e0 l&rsquo;ergonomie, la lumi\u00e8re, le calme et l&rsquo;espace pour les r\u00e9unions. Un <strong>bon<\/strong> <strong>agencement<\/strong> offre \u00e0 la fois des espaces de concentration et des zones de collaboration. Nous vous aidons \u00e0 r\u00e9soudre ce puzzle intelligemment, en fonction de votre fonctionnement et de votre culture.    <\/p>\n<\/details>\n\n<details class=\"wp-block-details is-layout-flow wp-block-details-is-layout-flow\"><summary><strong>Combien co\u00fbte l&rsquo;am\u00e9nagement de bureau par m\u00b2 ?<\/strong><\/summary>\n<p>Le co\u00fbt d\u00e9pend de <strong>diff\u00e9rents<\/strong> <strong>facteurs<\/strong> : la taille du projet, le type d&rsquo;am\u00e9nagement, le choix des mat\u00e9riaux et les finitions. Nous examinons tout, \u00e9tape par \u00e9tape, et fournissons un devis clair, pour que vous sachiez d\u00e8s le d\u00e9but \u00e0 quoi vous attendre. <\/p>\n<\/details>\n\n<details class=\"wp-block-details is-layout-flow wp-block-details-is-layout-flow\"><summary><strong>Hoelang duurt een kantoorrenovatie?&nbsp;<\/strong><\/summary>\n<p>Cela d\u00e9pend de plusieurs facteurs : quelle est la taille de l&rsquo;espace, que faut-il faire exactement, et quand pouvons-nous commencer ? <strong>En moyenne<\/strong>, une r\u00e9novation compl\u00e8te de bureau dure <strong>entre 4 et 12 semaines<\/strong>. Parfois c&rsquo;est plus rapide, parfois cela n\u00e9cessite plus de temps. <\/p>\n\n\n\n<p>Dans tous les cas, nous \u00e9tablissons un plan pr\u00e9cis et sur mesure pour que les travaux se d\u00e9roulent <strong>le plus efficacement possible<\/strong> et que votre \u00e9quipe subisse le moins de d\u00e9sagr\u00e9ments. Nous r\u00e9fl\u00e9chissons au phasage intelligent et aux solutions temporaires possibles, afin de garantir la continuit\u00e9 de votre activit\u00e9. <\/p>\n<\/details>\n\n<details class=\"wp-block-details is-layout-flow wp-block-details-is-layout-flow\"><summary><strong>Puis-je encore r\u00e9utiliser mes meubles existants ?<\/strong><\/summary>\n<p>Absolument. Souvent, il serait dommage de simplement jeter du bon mobilier. De nombreuses pi\u00e8ces peuvent \u00eatre <strong>parfaitement<\/strong> <strong>r\u00e9utilis\u00e9es<\/strong>, parfois avec une <strong>petite adaptation ou une remise \u00e0 neuf<\/strong>. Pensez au rembourrage, \u00e0 un nouveau rev\u00eatement, au nettoyage ou \u00e0 la combinaison avec de nouveaux \u00e9l\u00e9ments pour un look rafra\u00eechi.   <\/p>\n<\/details>\n\n<div class=\"wp-block-columns imageTextBoxSec textImageBoxSec has-light-color has-text-color has-link-color wp-elements-306d2555479de03e57e86a57055e876d is-layout-flex wp-container-core-columns-is-layout-5bbe6e16 wp-block-columns-is-layout-flex\" style=\"margin-top:0;margin-bottom:0;padding-top:var(--wp--preset--spacing--60-30);padding-bottom:var(--wp--preset--spacing--60-30)\">\n<div class=\"wp-block-column has-global-padding is-layout-constrained wp-block-column-is-layout-constrained\">\n<div class=\"wp-block-columns imageTextBoxRow is-layout-flex wp-container-core-columns-is-layout-28232c24 wp-block-columns-is-layout-flex\">\n<div class=\"wp-block-column imageTextBoxCol textCol has-background is-layout-flow wp-block-column-is-layout-flow\" style=\"background-color:#e4e9e3;flex-basis:50%\">\n<div class=\"wp-block-group textColInr is-layout-flow wp-block-group-is-layout-flow\" style=\"margin-top:0px;margin-bottom:0px;padding-top:var(--wp--preset--spacing--64-32);padding-right:var(--wp--preset--spacing--64-32);padding-bottom:var(--wp--preset--spacing--64-32);padding-left:var(--wp--preset--spacing--64-32)\">\n<h2 class=\"wp-block-heading secTitle has-heading-two-font-size\" style=\"margin-top:0px;margin-bottom:0px\">Votre question n&rsquo;y figure pas ? <\/h2>\n\n\n\n<div class=\"wp-block-group is-layout-flow wp-block-group-is-layout-flow\" style=\"margin-top:0;margin-bottom:0;padding-top:var(--wp--preset--spacing--32-24);padding-bottom:var(--wp--preset--spacing--32-24)\">\n<p>Nous en discuterons volontiers avec vous, dans vos bureaux ou dans l&rsquo;un de nos Concept Places \u00e0 Aalst, Knokke ou en ligne.<\/p>\n<\/div>\n\n\n\n<div class=\"wp-block-buttons is-layout-flex wp-block-buttons-is-layout-flex\" style=\"margin-top:0\">\n<div class=\"wp-block-button is-style-sage is-style-sage--1\"><a class=\"wp-block-button__link wp-element-button\" href=\"https:\/\/pga.conversal.io\/fr\/contact\/\">Contactez-nous<\/a><\/div>\n<\/div>\n<\/div>\n<\/div>\n\n\n\n<div class=\"wp-block-column imageTextBoxCol imageCol is-layout-flow wp-block-column-is-layout-flow\" style=\"flex-basis:50%\">\n<div class=\"wp-block-group imageColInr is-layout-flow wp-block-group-is-layout-flow\" style=\"margin-top:0px;margin-bottom:0px\">\n<figure class=\"wp-block-image size-full is-resized\"><img decoding=\"async\" width=\"700\" height=\"400\" src=\"https:\/\/pga.conversal.io\/wp-content\/uploads\/2025\/09\/concept-place-img-01.png\" alt=\"Concept Place Alost\" class=\"wp-image-658\" style=\"width:auto;height:480px\" srcset=\"https:\/\/pga.conversal.io\/wp-content\/uploads\/2025\/09\/concept-place-img-01.png 700w, https:\/\/pga.conversal.io\/wp-content\/uploads\/2025\/09\/concept-place-img-01-300x171.png 300w\" sizes=\"(max-width: 700px) 100vw, 700px\" \/><\/figure>\n<\/div>\n<\/div>\n<\/div>\n<\/div>\n<\/div>\n","protected":false},"excerpt":{"rendered":"<p>Vous avez des questions sur notre fa\u00e7on de travailler, sur le type de mobilier que nous utilisons ou sur tout ce qui concerne l&rsquo;am\u00e9nagement de bureaux ? Vous n&rsquo;\u00eates pas le seul. Ci-dessous, nous regroupons les questions les plus fr\u00e9quemment pos\u00e9es. Vous avez une autre question ? Faites-le nous savoir, nous serons ravis d&rsquo;y r\u00e9fl\u00e9chir [&hellip;]<\/p>\n","protected":false},"author":1,"featured_media":0,"parent":0,"menu_order":201,"comment_status":"closed","ping_status":"closed","template":"","meta":{"_acf_changed":false,"inline_featured_image":false,"footnotes":""},"class_list":["post-5956","page","type-page","status-publish","hentry"],"acf":[],"mb":[],"mfb_rest_fields":["title"],"_links":{"self":[{"href":"https:\/\/pga.conversal.io\/fr\/wp-json\/wp\/v2\/pages\/5956","targetHints":{"allow":["GET"]}}],"collection":[{"href":"https:\/\/pga.conversal.io\/fr\/wp-json\/wp\/v2\/pages"}],"about":[{"href":"https:\/\/pga.conversal.io\/fr\/wp-json\/wp\/v2\/types\/page"}],"author":[{"embeddable":true,"href":"https:\/\/pga.conversal.io\/fr\/wp-json\/wp\/v2\/users\/1"}],"replies":[{"embeddable":true,"href":"https:\/\/pga.conversal.io\/fr\/wp-json\/wp\/v2\/comments?post=5956"}],"version-history":[{"count":12,"href":"https:\/\/pga.conversal.io\/fr\/wp-json\/wp\/v2\/pages\/5956\/revisions"}],"predecessor-version":[{"id":11365,"href":"https:\/\/pga.conversal.io\/fr\/wp-json\/wp\/v2\/pages\/5956\/revisions\/11365"}],"wp:attachment":[{"href":"https:\/\/pga.conversal.io\/fr\/wp-json\/wp\/v2\/media?parent=5956"}],"curies":[{"name":"wp","href":"https:\/\/api.w.org\/{rel}","templated":true}]}}