{"id":7785,"date":"2025-10-28T21:13:40","date_gmt":"2025-10-28T20:13:40","guid":{"rendered":"https:\/\/pga.conversal.io\/declaration-daccessibilite\/"},"modified":"2025-12-16T14:29:10","modified_gmt":"2025-12-16T13:29:10","slug":"declaration-daccessibilite","status":"publish","type":"page","link":"https:\/\/pga.conversal.io\/fr\/declaration-daccessibilite\/","title":{"rendered":"D\u00e9claration d&rsquo;accessibilit\u00e9"},"content":{"rendered":"\n<h1 class=\"wp-block-heading\">D\u00e9claration d&rsquo;accessibilit\u00e9<\/h1>\n\n<p>Buro Project s&rsquo;engage \u00e0 rendre ce site aussi accessible que possible, conform\u00e9ment \u00e0 la l\u00e9gislation suivante :<br\/>D\u00e9cret administratif du 7 d\u00e9cembre 2018 (Flandre).<\/p>\n\n<p>Cette d\u00e9claration d&rsquo;accessibilit\u00e9 s&rsquo;applique \u00e0 :<\/p>\n\n<ul class=\"wp-block-list\">\n<li>Site web : <a href=\"https:\/\/pga.conversal.io\/\">https:\/\/pga.conversal.io\/<\/a><\/li>\n<\/ul>\n\n<h2 class=\"wp-block-heading\">\u00c9tat de conformit\u00e9<\/h2>\n\n<p>Ce site web est partiellement conforme, en raison des non-conformit\u00e9s et des exemptions \u00e9num\u00e9r\u00e9es ci-dessous.<\/p>\n\n<p>Un audit interne d&rsquo;accessibilit\u00e9 a \u00e9t\u00e9 r\u00e9alis\u00e9. Cet audit \u00e9tait sous forme d&rsquo;une analyse simplifi\u00e9e. <\/p>\n\n<h2 class=\"wp-block-heading\">Contenu non accessible<\/h2>\n\n<p>Certains contrastes ne sont pas encore optimis\u00e9s et tous les \u00e9l\u00e9ments n&rsquo;ont pas le rep\u00e8re correct.<\/p>\n\n<h2 class=\"wp-block-heading\">Alternatives propos\u00e9es<\/h2>\n\n<p>Certaines images ne seront pas &lsquo;lisibles&rsquo; pour certains outils, le contenu devrait \u00eatre accessible \u00e0 tous.<\/p>\n\n<h2 class=\"wp-block-heading\">Coordonn\u00e9es<\/h2>\n\n<p>Si vous avez des questions ou des remarques concernant l&rsquo;accessibilit\u00e9 de notre site web\/application, vous pouvez nous contacter via les informations ci-dessous :<\/p>\n\n<p>Contactez-nous via le formulaire de contact ou envoyez un e-mail \u00e0 l&rsquo;adresse info@buroproject.be<\/p>\n\n<p>Cette d\u00e9claration a \u00e9t\u00e9 \u00e9tablie le 28\/10\/2025.<\/p>\n\n<p>La derni\u00e8re r\u00e9vision de la d\u00e9claration a eu lieu le 28\/10\/2025.<\/p>\n","protected":false},"excerpt":{"rendered":"<p>D\u00e9claration d&rsquo;accessibilit\u00e9 Buro Project s&rsquo;engage \u00e0 rendre ce site aussi accessible que possible, conform\u00e9ment \u00e0 la l\u00e9gislation suivante :D\u00e9cret administratif du 7 d\u00e9cembre 2018 (Flandre). Cette d\u00e9claration d&rsquo;accessibilit\u00e9 s&rsquo;applique \u00e0 : \u00c9tat de conformit\u00e9 Ce site web est partiellement conforme, en raison des non-conformit\u00e9s et des exemptions \u00e9num\u00e9r\u00e9es ci-dessous. Un audit interne d&rsquo;accessibilit\u00e9 a \u00e9t\u00e9 [&hellip;]<\/p>\n","protected":false},"author":4,"featured_media":0,"parent":0,"menu_order":151,"comment_status":"closed","ping_status":"closed","template":"","meta":{"_acf_changed":false,"inline_featured_image":false,"footnotes":""},"class_list":["post-7785","page","type-page","status-publish","hentry"],"acf":[],"mb":[],"mfb_rest_fields":["title"],"_links":{"self":[{"href":"https:\/\/pga.conversal.io\/fr\/wp-json\/wp\/v2\/pages\/7785","targetHints":{"allow":["GET"]}}],"collection":[{"href":"https:\/\/pga.conversal.io\/fr\/wp-json\/wp\/v2\/pages"}],"about":[{"href":"https:\/\/pga.conversal.io\/fr\/wp-json\/wp\/v2\/types\/page"}],"author":[{"embeddable":true,"href":"https:\/\/pga.conversal.io\/fr\/wp-json\/wp\/v2\/users\/4"}],"replies":[{"embeddable":true,"href":"https:\/\/pga.conversal.io\/fr\/wp-json\/wp\/v2\/comments?post=7785"}],"version-history":[{"count":7,"href":"https:\/\/pga.conversal.io\/fr\/wp-json\/wp\/v2\/pages\/7785\/revisions"}],"predecessor-version":[{"id":10703,"href":"https:\/\/pga.conversal.io\/fr\/wp-json\/wp\/v2\/pages\/7785\/revisions\/10703"}],"wp:attachment":[{"href":"https:\/\/pga.conversal.io\/fr\/wp-json\/wp\/v2\/media?parent=7785"}],"curies":[{"name":"wp","href":"https:\/\/api.w.org\/{rel}","templated":true}]}}