{"id":10128,"date":"2025-11-26T12:13:12","date_gmt":"2025-11-26T11:13:12","guid":{"rendered":"https:\/\/pga.conversal.io\/?page_id=10128"},"modified":"2025-11-28T10:33:18","modified_gmt":"2025-11-28T09:33:18","slug":"marketing-coordinator","status":"publish","type":"page","link":"https:\/\/pga.conversal.io\/nl\/vacatures\/marketing-coordinator\/","title":{"rendered":"Marketing coordinator"},"content":{"rendered":"\n<div class=\"wp-block-columns pageIntro is-layout-flex wp-container-core-columns-is-layout-10efffe0 wp-block-columns-is-layout-flex\" style=\"margin-top:0;margin-bottom:0;padding-top:0;padding-bottom:var(--wp--preset--spacing--40-24)\">\n<div class=\"wp-block-column has-global-padding is-layout-constrained wp-block-column-is-layout-constrained\">\n<div class=\"wp-block-group is-layout-flow wp-container-core-group-is-layout-a77db08e wp-block-group-is-layout-flow\"><nav aria-label=\"breadcrumbs\" class=\"rank-math-breadcrumb\"><p><span class=\"last\">Home<\/span><\/p><\/nav>\n\n\n<div class=\"wp-block-group is-layout-flow wp-block-group-is-layout-flow\" style=\"margin-top:0;margin-bottom:0;padding-top:var(--wp--preset--spacing--24-18);padding-bottom:var(--wp--preset--spacing--40-20)\"><h1 class=\"wp-block-post-title has-heading-one-font-size\">Marketing coordinator<\/h1><\/div>\n<\/div>\n<\/div>\n<\/div>\n\n\n\n<div class=\"wp-block-group teamSec has-global-padding is-layout-constrained wp-block-group-is-layout-constrained\" style=\"margin-top:0px;margin-bottom:0px;padding-top:var(--wp--preset--spacing--80-40);padding-bottom:var(--wp--preset--spacing--60-30)\">\n<div class=\"wp-block-columns teamRow is-layout-flex wp-container-core-columns-is-layout-7c593e48 wp-block-columns-is-layout-flex\">\n<div class=\"wp-block-column teamDesCol is-layout-flow wp-block-column-is-layout-flow\">\n<div class=\"wp-block-group teamDesInnr is-layout-flow wp-block-group-is-layout-flow\">\n<h2 class=\"wp-block-heading has-heading-two-font-size\">Creatieve storyteller met oog voor design<\/h2>\n\n\n\n<p>We zoeken iemand die verhalen kan laten leven. Iemand die snapt hoe content werkt in B2B, die idee\u00ebn omzet in posts, videos, visuals en campagnes die klanten \u00e9cht raken. Je vertaalt merkstrategie\u00ebn naar inspirerende verhalen, boeiende content en impactvolle digitale campagnes.<\/p>\n\n\n\n<p>Je werkt op groepsniveau voor vier bedrijven in kantoorinrichting en zorgt dat onze idee\u00ebn zichtbaar worden. Je bent de creatieve spil in het team en werkt nauw samen met de Marketing Manager, aan wie je ook rapporteert.<\/p>\n\n\n\n<p>Zin om te werken in een creatieve omgeving waar je werkdagen er ongeveer zo uitzien als in de video, je nieuwe concepten kan uitdenken, en terecht komt in een warm team met v\u00e9\u00e9l traktaties, teambuildings en een gezellige Apero op vrijdag?<\/p>\n\n\n\n<div class=\"wp-block-buttons is-layout-flex wp-block-buttons-is-layout-flex\" style=\"margin-top:var(--wp--preset--spacing--32-24)\">\n<div class=\"wp-block-button is-style-sage is-style-sage--1\"><a class=\"wp-block-button__link wp-element-button\" href=\"#contact\">Vul je gegevens in en kom op de koffie<\/a><\/div>\n<\/div>\n<\/div>\n<\/div>\n\n\n\n<div class=\"wp-block-column teamImgCol imgTallVertical is-layout-flow wp-block-column-is-layout-flow\">\n<div class=\"wp-block-group videoWrap is-layout-flow wp-block-group-is-layout-flow\">\n<figure class=\"wp-block-video hasSaddhow\"><video autoplay loop muted poster=\"https:\/\/pga.conversal.io\/wp-content\/uploads\/2025\/11\/Scherm\u00adafbeelding-2025-11-26-om-11.12.37.png\" src=\"https:\/\/pga.conversal.io\/wp-content\/uploads\/2025\/11\/Day-in-the-life-marketing.mp4\" playsinline><\/video><\/figure>\n<\/div>\n<\/div>\n<\/div>\n<\/div>\n\n\n\n<div class=\"wp-block-columns is-layout-flex wp-container-core-columns-is-layout-5bbe6e16 wp-block-columns-is-layout-flex\" style=\"margin-top:0;margin-bottom:0;padding-top:var(--wp--preset--spacing--60-30);padding-bottom:var(--wp--preset--spacing--60-30)\">\n<div class=\"wp-block-column has-global-padding is-layout-constrained wp-block-column-is-layout-constrained\">\n<div class=\"wp-block-columns is-layout-flex wp-container-core-columns-is-layout-505b6f45 wp-block-columns-is-layout-flex\">\n<div class=\"wp-block-column is-layout-flow wp-block-column-is-layout-flow\">\n<h3 class=\"wp-block-heading\"><strong>Wat wordt jouw uitdaging?<\/strong><\/h3>\n\n\n\n<ul class=\"wp-block-list\">\n<li>Cre\u00ebren van boeiende contentkalender voor de websites, nieuwsbrieven, en social media (LinkedIn &amp; Meta), en zorgen voor consistente merkpositionering.<\/li>\n\n\n\n<li>Je schrijft en ontwerpt aantrekkelijke visuele content en communicatiematerialen, zoals social media posts en presentaties.<\/li>\n\n\n\n<li>Je cre\u00ebert video- en beeldcontent: testimonials en short form formats.<\/li>\n\n\n\n<li>Je zet gerichte B2B-campagnes op via Meta Ads, LinkedIn Ads, Google Ads. Je optimaliseert op data, niet op buikgevoel.<\/li>\n\n\n\n<li>Je houdt de websites up-to-date, SEO-proof en conversiegericht.<\/li>\n\n\n\n<li>Je helpt mee aan de interne communicatie en event communicatie.<\/li>\n\n\n\n<li>Af en toe op locatie werken om feeling te krijgen met projecten en teams<\/li>\n<\/ul>\n\n\n\n<h3 class=\"wp-block-heading\"><strong><strong>Wie ben jij?<\/strong><\/strong><\/h3>\n\n\n\n<ul class=\"wp-block-list\">\n<li>Een bachelor of master diploma in marketing, communicatie of Digital Media.<\/li>\n\n\n\n<li>Minstens 2 jaar ervaring in (B2B) digital marketing.<\/li>\n\n\n\n<li>Vertrouwd zijn met content marketing en social media management, SEO, SEA, e-mailmarketing en websitebeheer.<\/li>\n\n\n\n<li>Vaardigheid in MS 365 (Word, Excel, PowerPoint, SharePoint).<\/li>\n\n\n\n<li>Je hebt ervaring met Adobe Creative Suite (Indesign, Photoshop, Illustrator); en kan video\u2019s bewerken (CapCut, Premiere,\u2026).<\/li>\n\n\n\n<li>Je schrijft vlot en helder Nederlands, Frans is een plus.<\/li>\n\n\n\n<li>Je bent hands-on, kan goed prioriteiten stellen en werkt zelfstandig.<\/li>\n\n\n\n<li>Je bent een nauwkeurige werker die oog heeft voor detail en structuur.<\/li>\n\n\n\n<li>Creatieve geest met gevoel voor stijlvolle content en storytelling.<\/li>\n\n\n\n<li>Je vindt het leuk om te reizen tussen onze vestigingen en beschikt over een rijbewijs B.<\/li>\n<\/ul>\n\n\n\n<h3 class=\"wp-block-heading\"><strong><strong><strong>Wat bieden wij?<\/strong><\/strong><\/strong><\/h3>\n\n\n\n<ul class=\"wp-block-list\">\n<li>Een afwisselende functie met veel autonomie en ruimte voor initiatief en creativiteit.<\/li>\n\n\n\n<li>Ruimte voor creativiteit, initiatief en idee\u00ebn.<\/li>\n\n\n\n<li>Samenwerking in een ambitieus \u00e9n warm team.<\/li>\n\n\n\n<li>Mogelijkheid om het merk verder vorm te geven en impact te maken.<\/li>\n<\/ul>\n\n\n\n<div class=\"wp-block-buttons is-layout-flex wp-block-buttons-is-layout-flex\">\n<div class=\"wp-block-button is-style-sage is-style-sage--2\"><a class=\"wp-block-button__link wp-element-button\" href=\"#contact\">Vul je gegevens in en kom op de koffie<\/a><\/div>\n<\/div>\n<\/div>\n<\/div>\n<\/div>\n<\/div>\n\n\n\n<div class=\"wp-block-columns alignfull has-storm-dust-hover-color has-sage-2-background-color has-text-color has-background has-link-color wp-elements-8bb844b20ffea109afac8be761540537 is-layout-flex wp-container-core-columns-is-layout-242736b9 wp-block-columns-is-layout-flex\" id=\"contact\" style=\"padding-top:var(--wp--preset--spacing--120-60);padding-right:var(--wp--preset--spacing--60-30);padding-bottom:var(--wp--preset--spacing--120-60);padding-left:var(--wp--preset--spacing--60-30)\">\n<div class=\"wp-block-column has-global-padding is-layout-constrained wp-container-core-column-is-layout-268b7d10 wp-block-column-is-layout-constrained\" style=\"padding-right:var(--wp--preset--spacing--80-40);padding-left:var(--wp--preset--spacing--80-40)\">\n<div class=\"wp-block-group has-global-padding is-layout-constrained wp-block-group-is-layout-constrained\">\n<h2 class=\"wp-block-heading\">Ik zie het zitten<\/h2>\n\n\n\n<div style=\"height:60px\" aria-hidden=\"true\" class=\"wp-block-spacer\"><\/div>\n\n\n<div class=\"wpforms-container wpforms-block wpforms-block-a20db2e5-66da-40a2-87fb-61ff0a2e5b3d wpforms-render-modern\" id=\"wpforms-5201\"><form id=\"wpforms-form-5201\" class=\"wpforms-validate wpforms-form\" data-formid=\"5201\" method=\"post\" enctype=\"multipart\/form-data\" action=\"\/nl\/wp-json\/wp\/v2\/pages\/10128?wpforms_form_id=5201\" data-token=\"bd83ab9d76dc9b8448dce6baf0cff856\" data-token-time=\"1775427451\"><noscript class=\"wpforms-error-noscript\">Schakel JavaScript in je browser in om dit formulier in te vullen.<\/noscript><div id=\"wpforms-error-noscript\" style=\"display: none;\">Schakel JavaScript in je browser in om dit formulier in te vullen.<\/div><div class=\"wpforms-field-container\"><div id=\"wpforms-5201-field_15-container\" class=\"wpforms-field wpforms-field-layout\" data-field-id=\"15\"><h3 class=\"wpforms-field-label\">\n\t\t\t\tVul hier je gegevens in\n\t\t\t<\/h3><div class=\"wpforms-field-layout-rows wpforms-field-large\"><div class=\"wpforms-layout-row\"><div class=\"wpforms-layout-column wpforms-layout-column-50\"><div id=\"wpforms-5201-field_1-container\" class=\"wpforms-field wpforms-field-text field50\" data-field-id=\"1\"><label class=\"wpforms-field-label\" for=\"wpforms-5201-field_1\">Voornaam * <span class=\"wpforms-required-label\" aria-hidden=\"true\">*<\/span><\/label><input type=\"text\" id=\"wpforms-5201-field_1\" class=\"wpforms-field-large wpforms-field-required\" name=\"wpforms[fields][1]\" aria-errormessage=\"wpforms-5201-field_1-error\" required><\/div><\/div><div class=\"wpforms-layout-column wpforms-layout-column-50\"><div id=\"wpforms-5201-field_2-container\" class=\"wpforms-field wpforms-field-text field50\" data-field-id=\"2\"><label class=\"wpforms-field-label\" for=\"wpforms-5201-field_2\">Naam * <span class=\"wpforms-required-label\" aria-hidden=\"true\">*<\/span><\/label><input type=\"text\" id=\"wpforms-5201-field_2\" class=\"wpforms-field-large wpforms-field-required\" name=\"wpforms[fields][2]\" aria-errormessage=\"wpforms-5201-field_2-error\" required><\/div><\/div><\/div><div class=\"wpforms-layout-row\"><div class=\"wpforms-layout-column wpforms-layout-column-50\"><div id=\"wpforms-5201-field_3-container\" class=\"wpforms-field wpforms-field-email field50\" data-field-id=\"3\"><label class=\"wpforms-field-label\" for=\"wpforms-5201-field_3\">E-mailadres * <span class=\"wpforms-required-label\" aria-hidden=\"true\">*<\/span><\/label><input type=\"email\" id=\"wpforms-5201-field_3\" class=\"wpforms-field-large wpforms-field-required\" name=\"wpforms[fields][3]\" spellcheck=\"false\" aria-errormessage=\"wpforms-5201-field_3-error\" required><\/div><\/div><div class=\"wpforms-layout-column wpforms-layout-column-50\"><div id=\"wpforms-5201-field_5-container\" class=\"wpforms-field wpforms-field-phone field50\" data-field-id=\"5\"><label class=\"wpforms-field-label\" for=\"wpforms-5201-field_5\">Telefoon * <span class=\"wpforms-required-label\" aria-hidden=\"true\">*<\/span><\/label><input type=\"tel\" id=\"wpforms-5201-field_5\" class=\"wpforms-field-large wpforms-field-required\" data-rule-int-phone-field=\"true\" name=\"wpforms[fields][5]\" aria-label=\"Telefoon *\" aria-errormessage=\"wpforms-5201-field_5-error\" required><\/div><\/div><\/div><\/div><\/div><div id=\"wpforms-5201-field_12-container\" class=\"wpforms-field wpforms-field-layout\" data-field-id=\"12\"><h3 class=\"wpforms-field-label\">\n\t\t\t\tUpload hier je documenten\n\t\t\t<\/h3><div class=\"wpforms-field-layout-rows wpforms-field-large\"><div class=\"wpforms-layout-row\"><div class=\"wpforms-layout-column wpforms-layout-column-50\"><div id=\"wpforms-5201-field_10-container\" class=\"wpforms-field wpforms-field-file-upload field50\" data-field-id=\"10\"><label class=\"wpforms-field-label\" for=\"wpforms-5201-field_10\">Upload hier je CV <span class=\"wpforms-required-label\" aria-hidden=\"true\">*<\/span><\/label><div\n\t\tclass=\"wpforms-uploader wpforms-field-required\"\n\t\tdata-field-id=\"10\"\n\t\tdata-form-id=\"5201\"\n\t\tdata-input-name=\"wpforms_5201_10\"\n\t\tdata-extensions=\"pdf,doc,docx\"\n\t\tdata-max-size=\"268435456\"\n\t\tdata-max-file-number=\"1\"\n\t\tdata-post-max-size=\"268435456\"\n\t\tdata-max-parallel-uploads=\"4\"\n\t\tdata-parallel-uploads=\"true\"\n\t\tdata-file-chunk-size=\"2097152\">\n\t<div class=\"dz-message\">\n\t\t<svg  viewBox=\"0 0 640 640\" focusable=\"false\" data-icon=\"inbox\" width=\"50px\" height=\"50px\" fill=\"currentColor\" aria-hidden=\"true\">\n\t\t\t<path d=\"M352 173.3L352 384C352 401.7 337.7 416 320 416C302.3 416 288 401.7 288 384L288 173.3L246.6 214.7C234.1 227.2 213.8 227.2 201.3 214.7C188.8 202.2 188.8 181.9 201.3 169.4L297.3 73.4C309.8 60.9 330.1 60.9 342.6 73.4L438.6 169.4C451.1 181.9 451.1 202.2 438.6 214.7C426.1 227.2 405.8 227.2 393.3 214.7L352 173.3zM320 464C364.2 464 400 428.2 400 384L480 384C515.3 384 544 412.7 544 448L544 480C544 515.3 515.3 544 480 544L160 544C124.7 544 96 515.3 96 480L96 448C96 412.7 124.7 384 160 384L240 384C240 428.2 275.8 464 320 464zM464 488C477.3 488 488 477.3 488 464C488 450.7 477.3 440 464 440C450.7 440 440 450.7 440 464C440 477.3 450.7 488 464 488z\"\/>\n\t\t<\/svg>\n\n\t\t<span class=\"modern-title\">\n\t\t\t\t\t\t\tSleep bestanden hierheen of  \t\t\t\t<span>Kies bestanden om te uploaden<\/span>\n\t\t\t\t\t<\/span>\n\n\t\t\t<\/div>\n<\/div>\n\n<input\n\t\ttype=\"text\"\n\t\tautocomplete=\"off\"\n\t\treadonly\n\t\tclass=\"dropzone-input\"\n\t\tstyle=\"position:absolute!important;clip:rect(0,0,0,0)!important;height:1px!important;width:1px!important;border:0!important;overflow:hidden!important;padding:0!important;margin:0!important;\"\n\t\tid=\"wpforms-5201-field_10\"\n\t\tname=\"wpforms_5201_10\" required\t\tvalue=\"\">\n<\/div><\/div><div class=\"wpforms-layout-column wpforms-layout-column-50\"><div id=\"wpforms-5201-field_11-container\" class=\"wpforms-field wpforms-field-file-upload field50\" data-field-id=\"11\"><label class=\"wpforms-field-label\" for=\"wpforms-5201-field_11\">Upload hier je motivatiebrief <span class=\"wpforms-required-label\" aria-hidden=\"true\">*<\/span><\/label><div\n\t\tclass=\"wpforms-uploader wpforms-field-required\"\n\t\tdata-field-id=\"11\"\n\t\tdata-form-id=\"5201\"\n\t\tdata-input-name=\"wpforms_5201_11\"\n\t\tdata-extensions=\"pdf,doc,docx\"\n\t\tdata-max-size=\"268435456\"\n\t\tdata-max-file-number=\"1\"\n\t\tdata-post-max-size=\"268435456\"\n\t\tdata-max-parallel-uploads=\"4\"\n\t\tdata-parallel-uploads=\"true\"\n\t\tdata-file-chunk-size=\"2097152\">\n\t<div class=\"dz-message\">\n\t\t<svg  viewBox=\"0 0 640 640\" focusable=\"false\" data-icon=\"inbox\" width=\"50px\" height=\"50px\" fill=\"currentColor\" aria-hidden=\"true\">\n\t\t\t<path d=\"M352 173.3L352 384C352 401.7 337.7 416 320 416C302.3 416 288 401.7 288 384L288 173.3L246.6 214.7C234.1 227.2 213.8 227.2 201.3 214.7C188.8 202.2 188.8 181.9 201.3 169.4L297.3 73.4C309.8 60.9 330.1 60.9 342.6 73.4L438.6 169.4C451.1 181.9 451.1 202.2 438.6 214.7C426.1 227.2 405.8 227.2 393.3 214.7L352 173.3zM320 464C364.2 464 400 428.2 400 384L480 384C515.3 384 544 412.7 544 448L544 480C544 515.3 515.3 544 480 544L160 544C124.7 544 96 515.3 96 480L96 448C96 412.7 124.7 384 160 384L240 384C240 428.2 275.8 464 320 464zM464 488C477.3 488 488 477.3 488 464C488 450.7 477.3 440 464 440C450.7 440 440 450.7 440 464C440 477.3 450.7 488 464 488z\"\/>\n\t\t<\/svg>\n\n\t\t<span class=\"modern-title\">\n\t\t\t\t\t\t\tSleep bestanden hierheen of  \t\t\t\t<span>Kies bestanden om te uploaden<\/span>\n\t\t\t\t\t<\/span>\n\n\t\t\t<\/div>\n<\/div>\n\n<input\n\t\ttype=\"text\"\n\t\tautocomplete=\"off\"\n\t\treadonly\n\t\tclass=\"dropzone-input\"\n\t\tstyle=\"position:absolute!important;clip:rect(0,0,0,0)!important;height:1px!important;width:1px!important;border:0!important;overflow:hidden!important;padding:0!important;margin:0!important;\"\n\t\tid=\"wpforms-5201-field_11\"\n\t\tname=\"wpforms_5201_11\" required\t\tvalue=\"\">\n<\/div><\/div><\/div><\/div><\/div><div id=\"wpforms-5201-field_6-container\" class=\"wpforms-field wpforms-field-text\" data-field-id=\"6\"><label class=\"wpforms-field-label\" for=\"wpforms-5201-field_6\">Jouw bericht *<\/label><input type=\"text\" id=\"wpforms-5201-field_6\" class=\"wpforms-field-large\" name=\"wpforms[fields][6]\" aria-errormessage=\"wpforms-5201-field_6-error\" ><\/div><div id=\"wpforms-5201-field_7-container\" class=\"wpforms-field wpforms-field-checkbox\" data-field-id=\"7\"><fieldset><legend class=\"wpforms-field-label wpforms-label-hide\" aria-hidden=\"false\">GDPR<\/legend><ul id=\"wpforms-5201-field_7\"><li class=\"choice-3 depth-1\"><input type=\"checkbox\" id=\"wpforms-5201-field_7_3\" name=\"wpforms[fields][7][]\" value=\"Ik ga akkoord met het &lt;a href=&quot;\/privacy-policy\/&quot;&gt;privacybeleid&lt;\/a&gt; en de algemene voorwaarden.\" aria-errormessage=\"wpforms-5201-field_7_3-error\"  ><label class=\"wpforms-field-label-inline\" for=\"wpforms-5201-field_7_3\">Ik ga akkoord met het <a href=\"\/privacy-policy\/\">privacybeleid<\/a> en de algemene voorwaarden.<\/label><\/li><\/ul><\/fieldset><\/div><\/div><!-- .wpforms-field-container --><div class=\"wpforms-recaptcha-container wpforms-is-recaptcha wpforms-is-recaptcha-type-v3\" ><input type=\"hidden\" name=\"wpforms[recaptcha]\" value=\"\"><\/div><div class=\"wpforms-submit-container\" ><input type=\"hidden\" name=\"wpforms[id]\" value=\"5201\"><input type=\"hidden\" name=\"page_title\" value=\"\"><input type=\"hidden\" name=\"page_url\" value=\"https:\/\/pga.conversal.io\/nl\/wp-json\/wp\/v2\/pages\/10128\"><input type=\"hidden\" name=\"url_referer\" value=\"\"><button type=\"submit\" name=\"wpforms[submit]\" id=\"wpforms-submit-5201\" class=\"wpforms-submit\" data-alt-text=\"verzenden...\" data-submit-text=\"Solliciteer\" aria-live=\"assertive\" value=\"wpforms-submit\">Solliciteer<\/button><\/div><\/form><\/div>  <!-- .wpforms-container --><\/div>\n<\/div>\n<\/div>\n","protected":false},"excerpt":{"rendered":"<p>Creatieve storyteller met oog voor design We zoeken iemand die verhalen kan laten leven. Iemand die snapt hoe content werkt in B2B, die idee\u00ebn omzet in posts, videos, visuals en campagnes die klanten \u00e9cht raken. Je vertaalt merkstrategie\u00ebn naar inspirerende verhalen, boeiende content en impactvolle digitale campagnes. Je werkt op groepsniveau voor vier bedrijven in [&hellip;]<\/p>\n","protected":false},"author":2,"featured_media":0,"parent":1449,"menu_order":159,"comment_status":"closed","ping_status":"closed","template":"","meta":{"_acf_changed":false,"inline_featured_image":false,"footnotes":""},"class_list":["post-10128","page","type-page","status-publish","hentry"],"acf":[],"mb":[],"mfb_rest_fields":["title"],"_links":{"self":[{"href":"https:\/\/pga.conversal.io\/nl\/wp-json\/wp\/v2\/pages\/10128","targetHints":{"allow":["GET"]}}],"collection":[{"href":"https:\/\/pga.conversal.io\/nl\/wp-json\/wp\/v2\/pages"}],"about":[{"href":"https:\/\/pga.conversal.io\/nl\/wp-json\/wp\/v2\/types\/page"}],"author":[{"embeddable":true,"href":"https:\/\/pga.conversal.io\/nl\/wp-json\/wp\/v2\/users\/2"}],"replies":[{"embeddable":true,"href":"https:\/\/pga.conversal.io\/nl\/wp-json\/wp\/v2\/comments?post=10128"}],"version-history":[{"count":14,"href":"https:\/\/pga.conversal.io\/nl\/wp-json\/wp\/v2\/pages\/10128\/revisions"}],"predecessor-version":[{"id":10207,"href":"https:\/\/pga.conversal.io\/nl\/wp-json\/wp\/v2\/pages\/10128\/revisions\/10207"}],"up":[{"embeddable":true,"href":"https:\/\/pga.conversal.io\/nl\/wp-json\/wp\/v2\/pages\/1449"}],"wp:attachment":[{"href":"https:\/\/pga.conversal.io\/nl\/wp-json\/wp\/v2\/media?parent=10128"}],"curies":[{"name":"wp","href":"https:\/\/api.w.org\/{rel}","templated":true}]}}